{"id":939,"date":"2017-07-19T14:31:44","date_gmt":"2017-07-19T11:31:44","guid":{"rendered":"http:\/\/eviljasalv.ee\/?page_id=939\/"},"modified":"2017-07-19T16:38:40","modified_gmt":"2017-07-19T13:38:40","slug":"lnjanoj-zmyh","status":"publish","type":"page","link":"https:\/\/eviljasalv.ee\/ru\/produkcija\/lnjanoj-zmyh\/","title":{"rendered":"\u041b\u044c\u043d\u044f\u043d\u043e\u0439 \u0436\u043c\u044b\u0445"},"content":{"rendered":"\n<style type=\"text\/css\" data-created_by=\"avia_inline_auto\" id=\"style-css-av-av_heading-7e582d1ff5d8f5e84673306fc5717899\">\n#top .av-special-heading.av-av_heading-7e582d1ff5d8f5e84673306fc5717899{\npadding-bottom:15px;\nfont-size:30px;\n}\nbody .av-special-heading.av-av_heading-7e582d1ff5d8f5e84673306fc5717899 .av-special-heading-tag .heading-char{\nfont-size:25px;\n}\n#top #wrap_all .av-special-heading.av-av_heading-7e582d1ff5d8f5e84673306fc5717899 .av-special-heading-tag{\nfont-size:30px;\n}\n.av-special-heading.av-av_heading-7e582d1ff5d8f5e84673306fc5717899 .av-subheading{\nfont-size:15px;\n}\n\n@media only screen and (min-width: 480px) and (max-width: 767px){ \n#top #wrap_all .av-special-heading.av-av_heading-7e582d1ff5d8f5e84673306fc5717899 .av-special-heading-tag{\nfont-size:0.8em;\n}\n}\n\n@media only screen and (max-width: 479px){ \n#top #wrap_all .av-special-heading.av-av_heading-7e582d1ff5d8f5e84673306fc5717899 .av-special-heading-tag{\nfont-size:0.8em;\n}\n}\n<\/style>\n<div  class='av-special-heading av-av_heading-7e582d1ff5d8f5e84673306fc5717899 av-special-heading-h3 blockquote modern-quote  avia-builder-el-0  el_before_av_one_half  avia-builder-el-first  av-inherit-size'><h3 class='av-special-heading-tag'  itemprop=\"headline\"  >\u041b\u044c\u043d\u044f\u043d\u043e\u0439 \u0436\u043c\u044b\u0445<\/h3><div class=\"special-heading-border\"><div class=\"special-heading-inner-border\"><\/div><\/div><\/div>\n<div class='flex_column_table av-av_one_half-877c4261a69bab824e74b3b7967646c2 sc-av_one_half av-equal-height-column-flextable'>\n<style type=\"text\/css\" data-created_by=\"avia_inline_auto\" id=\"style-css-av-av_one_half-877c4261a69bab824e74b3b7967646c2\">\n.flex_column.av-av_one_half-877c4261a69bab824e74b3b7967646c2{\n-webkit-border-radius:0px 0px 0px 0px;\n-moz-border-radius:0px 0px 0px 0px;\nborder-radius:0px 0px 0px 0px;\n}\n<\/style>\n<div class='flex_column av-av_one_half-877c4261a69bab824e74b3b7967646c2 av_one_half  avia-builder-el-1  el_after_av_heading  el_before_av_one_half  first flex_column_table_cell av-equal-height-column av-align-top av-animated-generic bottom-to-top av-zero-column-padding '     ><section  class='av_textblock_section av-av_textblock-0366cc7376be6c9e82a3e9cc8987b64f'  itemscope=\"itemscope\" itemtype=\"https:\/\/schema.org\/CreativeWork\" ><div class='avia_textblock'  itemprop=\"text\" ><p><strong>\u041b\u044c\u043d\u044f\u043d\u043e\u0439 \u0436\u043c\u044b\u0445<\/strong>\u00a0\u043f\u043e\u043b\u0443\u0447\u0430\u044e\u0442 \u043f\u0443\u0442\u0435\u043c \u0433\u043e\u0440\u044f\u0447\u0435\u0433\u043e \u043f\u0440\u0435\u0441\u0441\u043e\u0432\u0430\u043d\u0438\u044f \u043f\u0440\u0438 \u0438\u0437\u0432\u043b\u0435\u0447\u0435\u043d\u0438\u0438 \u043c\u0430\u0441\u043b\u0430 \u0438\u0437 \u0441\u0435\u043c\u044f\u043d. \u041b\u044c\u043d\u044f\u043d\u043e\u0439 \u0436\u043c\u044b\u0445 \u0441\u043e\u0434\u0435\u0440\u0436\u0438\u0442 \u043f\u0440\u043e\u0442\u0435\u0438\u043d (30\u202634\u00a0% \u0432 \u0441\u0443\u0445\u043e\u043c \u0432\u0435\u0449\u0435\u0441\u0442\u0432\u0435), \u0430 \u0442\u0430\u043a\u0436\u0435 \u0441\u044b\u0440\u0443\u044e \u043a\u043b\u0435\u0442\u0447\u0430\u0442\u043a\u0443 (10\u202610,5\u00a0% \u0432 \u0441\u0443\u0445\u043e\u043c \u0432\u0435\u0449\u0435\u0441\u0442\u0432\u0435). \u041b\u044c\u043d\u044f\u043d\u043e\u0439 \u0436\u043c\u044b\u0445 \u0434\u0430\u0435\u0442 \u043a\u043e\u0440\u043e\u0432\u0430\u043c 14 \u041c\u0414\u0436\/\u043a\u0433, \u0430 \u0441\u0432\u0438\u043d\u044c\u044f\u043c \u2013 \u0434\u043e 16\u00a0\u041c\u0414\u0436\/\u043a\u0433 \u044d\u043d\u0435\u0440\u0433\u0438\u0438.<\/p>\n<p>\u041b\u044c\u043d\u044f\u043d\u043e\u0439 \u0436\u043c\u044b\u0445 \u0441\u043e\u0434\u0435\u0440\u0436\u0438\u0442 \u0432 \u0441\u0440\u0435\u0434\u043d\u0435\u043c 8\u00a0% \u0441\u043b\u0438\u0437\u0438\u0441\u0442\u044b\u0445 \u0432\u0435\u0449\u0435\u0441\u0442\u0432, \u043f\u043e\u044d\u0442\u043e\u043c\u0443 \u043e\u043d \u043d\u0430\u0445\u043e\u0434\u0438\u0442 \u0448\u0438\u0440\u043e\u043a\u043e\u0435 \u043f\u0440\u0438\u043c\u0435\u043d\u0435\u043d\u0438\u0435 \u043a\u0430\u043a \u043f\u0438\u0449\u0435\u0432\u0430\u044f \u0434\u043e\u0431\u0430\u0432\u043a\u0430 \u0441 \u0434\u0438\u0435\u0442\u0438\u0447\u0435\u0441\u043a\u0438\u043c\u0438 \u0441\u0432\u043e\u0439\u0441\u0442\u0432\u0430\u043c\u0438 \u0434\u043b\u044f \u0442\u0435\u043b\u044f\u0442, \u0441\u0432\u0438\u043d\u043e\u043c\u0430\u0442\u043e\u043a \u0438 \u0442.\u00a0\u043f.<\/p>\n<p>\u0412 Eesti Viljasalv \u043c\u043e\u0436\u043d\u043e \u043f\u0440\u0438\u043e\u0431\u0440\u0435\u0441\u0442\u0438 \u043b\u044c\u043d\u044f\u043d\u043e\u0439 \u0436\u043c\u044b\u0445 \u0433\u043e\u0440\u044f\u0447\u0435\u0433\u043e \u043f\u0440\u0435\u0441\u0441\u043e\u0432\u0430\u043d\u0438\u044f \u0441\u043b\u0435\u0434\u0443\u044e\u0449\u0438\u0445 \u0441\u0442\u0440\u0430\u043d \u043f\u0440\u043e\u0438\u0441\u0445\u043e\u0436\u0434\u0435\u043d\u0438\u044f \u0438 \u0441\u043e \u0441\u043b\u0435\u0434\u0443\u044e\u0449\u0438\u043c\u0438 \u043a\u0430\u0447\u0435\u0441\u0442\u0432\u0435\u043d\u043d\u044b\u043c\u0438 \u043f\u043e\u043a\u0430\u0437\u0430\u0442\u0435\u043b\u044f\u043c\u0438:<\/p>\n<p><strong>1. \u0421\u0442\u0440\u0430\u043d\u0430 \u043f\u0440\u043e\u0438\u0441\u0445\u043e\u0436\u0434\u0435\u043d\u0438\u044f \u2013 \u041a\u0430\u0437\u0430\u0445\u0441\u0442\u0430\u043d \u0438 \u0423\u043a\u0440\u0430\u0438\u043d\u0430<\/strong>, \u0441\u043e\u0434\u0435\u0440\u0436\u0430\u043d\u0438\u0435 \u043f\u0440\u043e\u0442\u0435\u0438\u043d\u0430 \u0432 \u0441\u0443\u0445\u043e\u043c \u0432\u0435\u0449\u0435\u0441\u0442\u0432\u0435 \u043c\u0438\u043d. 33\u00a0%, \u0432\u043b\u0430\u0436\u043d\u043e\u0441\u0442\u044c \u043c\u0430\u043a\u0441. 7\u00a0%, \u0441\u044b\u0440\u0430\u044f \u043a\u043b\u0435\u0442\u0447\u0430\u0442\u043a\u0430 \u043c\u0430\u043a\u0441. 13\u00a0%, \u0441\u044b\u0440\u043e\u0439 \u0436\u0438\u0440 \u043c\u0430\u043a\u0441. 13,5\u00a0%.<\/p>\n<\/div><\/section><\/div><div class='av-flex-placeholder'><\/div>\n<style type=\"text\/css\" data-created_by=\"avia_inline_auto\" id=\"style-css-av-av_one_half-0aa7055fe62c3622faec82866afbaeb2\">\n.flex_column.av-av_one_half-0aa7055fe62c3622faec82866afbaeb2{\n-webkit-border-radius:0px 0px 0px 0px;\n-moz-border-radius:0px 0px 0px 0px;\nborder-radius:0px 0px 0px 0px;\n}\n<\/style>\n<div class='flex_column av-av_one_half-0aa7055fe62c3622faec82866afbaeb2 av_one_half  avia-builder-el-3  el_after_av_one_half  avia-builder-el-last  flex_column_table_cell av-equal-height-column av-align-top av-zero-column-padding '     ><style type=\"text\/css\" data-created_by=\"avia_inline_auto\" id=\"style-css-av-av_image-53f094316942308c0450ae5cf38391d2\">\n.avia-image-container.av-av_image-53f094316942308c0450ae5cf38391d2 img.avia_image{\nbox-shadow:none;\n}\n.avia-image-container.av-av_image-53f094316942308c0450ae5cf38391d2 .av-image-caption-overlay-center{\ncolor:#ffffff;\n}\n<\/style>\n<div  class='avia-image-container av-av_image-53f094316942308c0450ae5cf38391d2 av-styling- av-hover-grow avia_animated_image av-animated-when-visible-95 right-to-left avia-align-left  avia-builder-el-4  avia-builder-el-no-sibling '   itemprop=\"image\" itemscope=\"itemscope\" itemtype=\"https:\/\/schema.org\/ImageObject\" ><div class=\"avia-image-container-inner\"><div class=\"avia-image-overlay-wrap\"><a href=\"https:\/\/eviljasalv.ee\/wp-content\/uploads\/2017\/02\/linakook.jpg\" data-srcset=\"https:\/\/eviljasalv.ee\/wp-content\/uploads\/2017\/02\/linakook.jpg 733w, https:\/\/eviljasalv.ee\/wp-content\/uploads\/2017\/02\/linakook-300x225.jpg 300w, https:\/\/eviljasalv.ee\/wp-content\/uploads\/2017\/02\/linakook-705x529.jpg 705w, https:\/\/eviljasalv.ee\/wp-content\/uploads\/2017\/02\/linakook-450x338.jpg 450w\" data-sizes=\"(max-width: 733px) 100vw, 733px\" class='avia_image' ><img decoding=\"async\" class='wp-image-664 avia-img-lazy-loading-not-664 avia_image ' src=\"https:\/\/eviljasalv.ee\/wp-content\/uploads\/2017\/02\/linakook-300x225.jpg\" alt='' title='linakook'  height=\"225\" width=\"300\"  itemprop=\"thumbnailUrl\" srcset=\"https:\/\/eviljasalv.ee\/wp-content\/uploads\/2017\/02\/linakook-300x225.jpg 300w, https:\/\/eviljasalv.ee\/wp-content\/uploads\/2017\/02\/linakook-705x529.jpg 705w, https:\/\/eviljasalv.ee\/wp-content\/uploads\/2017\/02\/linakook-450x338.jpg 450w, https:\/\/eviljasalv.ee\/wp-content\/uploads\/2017\/02\/linakook.jpg 733w\" sizes=\"(max-width: 300px) 100vw, 300px\" \/><\/a><\/div><\/div><\/div><\/div><\/div><!--close column table wrapper. Autoclose: 1 --><\/p>\n","protected":false},"excerpt":{"rendered":"","protected":false},"author":2,"featured_media":0,"parent":907,"menu_order":7,"comment_status":"closed","ping_status":"closed","template":"","meta":{"footnotes":""},"class_list":["post-939","page","type-page","status-publish","hentry"],"yoast_head":"<!-- This site is optimized with the Yoast SEO plugin v27.3 - https:\/\/yoast.com\/product\/yoast-seo-wordpress\/ -->\n<title>\u041b\u044c\u043d\u044f\u043d\u043e\u0439 \u0436\u043c\u044b\u0445 - O\u00dc Eesti Viljasalv<\/title>\n<meta name=\"robots\" content=\"index, follow, max-snippet:-1, max-image-preview:large, max-video-preview:-1\" \/>\n<link rel=\"canonical\" href=\"https:\/\/eviljasalv.ee\/ru\/produkcija\/lnjanoj-zmyh\/\" \/>\n<meta property=\"og:locale\" content=\"ru_RU\" \/>\n<meta property=\"og:type\" content=\"article\" \/>\n<meta property=\"og:title\" content=\"\u041b\u044c\u043d\u044f\u043d\u043e\u0439 \u0436\u043c\u044b\u0445 - O\u00dc Eesti Viljasalv\" \/>\n<meta property=\"og:url\" content=\"https:\/\/eviljasalv.ee\/ru\/produkcija\/lnjanoj-zmyh\/\" \/>\n<meta property=\"og:site_name\" content=\"O\u00dc Eesti Viljasalv\" \/>\n<meta property=\"article:modified_time\" content=\"2017-07-19T13:38:40+00:00\" \/>\n<meta name=\"twitter:card\" content=\"summary_large_image\" \/>\n<meta name=\"twitter:label1\" content=\"\u041f\u0440\u0438\u043c\u0435\u0440\u043d\u043e\u0435 \u0432\u0440\u0435\u043c\u044f \u0434\u043b\u044f \u0447\u0442\u0435\u043d\u0438\u044f\" \/>\n\t<meta name=\"twitter:data1\" content=\"1 \u043c\u0438\u043d\u0443\u0442\u0430\" \/>\n<script type=\"application\/ld+json\" class=\"yoast-schema-graph\">{\"@context\":\"https:\\\/\\\/schema.org\",\"@graph\":[{\"@type\":\"WebPage\",\"@id\":\"https:\\\/\\\/eviljasalv.ee\\\/ru\\\/produkcija\\\/lnjanoj-zmyh\\\/\",\"url\":\"https:\\\/\\\/eviljasalv.ee\\\/ru\\\/produkcija\\\/lnjanoj-zmyh\\\/\",\"name\":\"\u041b\u044c\u043d\u044f\u043d\u043e\u0439 \u0436\u043c\u044b\u0445 - O\u00dc Eesti Viljasalv\",\"isPartOf\":{\"@id\":\"https:\\\/\\\/eviljasalv.ee\\\/#website\"},\"datePublished\":\"2017-07-19T11:31:44+00:00\",\"dateModified\":\"2017-07-19T13:38:40+00:00\",\"breadcrumb\":{\"@id\":\"https:\\\/\\\/eviljasalv.ee\\\/ru\\\/produkcija\\\/lnjanoj-zmyh\\\/#breadcrumb\"},\"inLanguage\":\"ru-RU\",\"potentialAction\":[{\"@type\":\"ReadAction\",\"target\":[\"https:\\\/\\\/eviljasalv.ee\\\/ru\\\/produkcija\\\/lnjanoj-zmyh\\\/\"]}]},{\"@type\":\"BreadcrumbList\",\"@id\":\"https:\\\/\\\/eviljasalv.ee\\\/ru\\\/produkcija\\\/lnjanoj-zmyh\\\/#breadcrumb\",\"itemListElement\":[{\"@type\":\"ListItem\",\"position\":1,\"name\":\"Home\",\"item\":\"https:\\\/\\\/eviljasalv.ee\\\/ru\\\/glavnaja-stranica\\\/\"},{\"@type\":\"ListItem\",\"position\":2,\"name\":\"\u041f\u0420\u041e\u0414\u0423\u041a\u0426\u0418\u042f\",\"item\":\"https:\\\/\\\/eviljasalv.ee\\\/ru\\\/produkcija\\\/\"},{\"@type\":\"ListItem\",\"position\":3,\"name\":\"\u041b\u044c\u043d\u044f\u043d\u043e\u0439 \u0436\u043c\u044b\u0445\"}]},{\"@type\":\"WebSite\",\"@id\":\"https:\\\/\\\/eviljasalv.ee\\\/#website\",\"url\":\"https:\\\/\\\/eviljasalv.ee\\\/\",\"name\":\"O\u00dc Eesti Viljasalv\",\"description\":\"Teravilja ja p\u00f5llumajandustoodete ost-m\u00fc\u00fck, transport ja ladustamine\",\"publisher\":{\"@id\":\"https:\\\/\\\/eviljasalv.ee\\\/#organization\"},\"potentialAction\":[{\"@type\":\"SearchAction\",\"target\":{\"@type\":\"EntryPoint\",\"urlTemplate\":\"https:\\\/\\\/eviljasalv.ee\\\/?s={search_term_string}\"},\"query-input\":{\"@type\":\"PropertyValueSpecification\",\"valueRequired\":true,\"valueName\":\"search_term_string\"}}],\"inLanguage\":\"ru-RU\"},{\"@type\":\"Organization\",\"@id\":\"https:\\\/\\\/eviljasalv.ee\\\/#organization\",\"name\":\"O\u00dc Eesti Viljasalv\",\"url\":\"https:\\\/\\\/eviljasalv.ee\\\/\",\"logo\":{\"@type\":\"ImageObject\",\"inLanguage\":\"ru-RU\",\"@id\":\"https:\\\/\\\/eviljasalv.ee\\\/#\\\/schema\\\/logo\\\/image\\\/\",\"url\":\"https:\\\/\\\/eviljasalv.ee\\\/wp-content\\\/uploads\\\/2017\\\/02\\\/Eesti_Viljasalv_LOGO-copy-1.png\",\"contentUrl\":\"https:\\\/\\\/eviljasalv.ee\\\/wp-content\\\/uploads\\\/2017\\\/02\\\/Eesti_Viljasalv_LOGO-copy-1.png\",\"width\":386,\"height\":156,\"caption\":\"O\u00dc Eesti Viljasalv\"},\"image\":{\"@id\":\"https:\\\/\\\/eviljasalv.ee\\\/#\\\/schema\\\/logo\\\/image\\\/\"}}]}<\/script>\n<!-- \/ Yoast SEO plugin. -->","yoast_head_json":{"title":"\u041b\u044c\u043d\u044f\u043d\u043e\u0439 \u0436\u043c\u044b\u0445 - O\u00dc Eesti Viljasalv","robots":{"index":"index","follow":"follow","max-snippet":"max-snippet:-1","max-image-preview":"max-image-preview:large","max-video-preview":"max-video-preview:-1"},"canonical":"https:\/\/eviljasalv.ee\/ru\/produkcija\/lnjanoj-zmyh\/","og_locale":"ru_RU","og_type":"article","og_title":"\u041b\u044c\u043d\u044f\u043d\u043e\u0439 \u0436\u043c\u044b\u0445 - O\u00dc Eesti Viljasalv","og_url":"https:\/\/eviljasalv.ee\/ru\/produkcija\/lnjanoj-zmyh\/","og_site_name":"O\u00dc Eesti Viljasalv","article_modified_time":"2017-07-19T13:38:40+00:00","twitter_card":"summary_large_image","twitter_misc":{"\u041f\u0440\u0438\u043c\u0435\u0440\u043d\u043e\u0435 \u0432\u0440\u0435\u043c\u044f \u0434\u043b\u044f \u0447\u0442\u0435\u043d\u0438\u044f":"1 \u043c\u0438\u043d\u0443\u0442\u0430"},"schema":{"@context":"https:\/\/schema.org","@graph":[{"@type":"WebPage","@id":"https:\/\/eviljasalv.ee\/ru\/produkcija\/lnjanoj-zmyh\/","url":"https:\/\/eviljasalv.ee\/ru\/produkcija\/lnjanoj-zmyh\/","name":"\u041b\u044c\u043d\u044f\u043d\u043e\u0439 \u0436\u043c\u044b\u0445 - O\u00dc Eesti Viljasalv","isPartOf":{"@id":"https:\/\/eviljasalv.ee\/#website"},"datePublished":"2017-07-19T11:31:44+00:00","dateModified":"2017-07-19T13:38:40+00:00","breadcrumb":{"@id":"https:\/\/eviljasalv.ee\/ru\/produkcija\/lnjanoj-zmyh\/#breadcrumb"},"inLanguage":"ru-RU","potentialAction":[{"@type":"ReadAction","target":["https:\/\/eviljasalv.ee\/ru\/produkcija\/lnjanoj-zmyh\/"]}]},{"@type":"BreadcrumbList","@id":"https:\/\/eviljasalv.ee\/ru\/produkcija\/lnjanoj-zmyh\/#breadcrumb","itemListElement":[{"@type":"ListItem","position":1,"name":"Home","item":"https:\/\/eviljasalv.ee\/ru\/glavnaja-stranica\/"},{"@type":"ListItem","position":2,"name":"\u041f\u0420\u041e\u0414\u0423\u041a\u0426\u0418\u042f","item":"https:\/\/eviljasalv.ee\/ru\/produkcija\/"},{"@type":"ListItem","position":3,"name":"\u041b\u044c\u043d\u044f\u043d\u043e\u0439 \u0436\u043c\u044b\u0445"}]},{"@type":"WebSite","@id":"https:\/\/eviljasalv.ee\/#website","url":"https:\/\/eviljasalv.ee\/","name":"O\u00dc Eesti Viljasalv","description":"Teravilja ja p\u00f5llumajandustoodete ost-m\u00fc\u00fck, transport ja ladustamine","publisher":{"@id":"https:\/\/eviljasalv.ee\/#organization"},"potentialAction":[{"@type":"SearchAction","target":{"@type":"EntryPoint","urlTemplate":"https:\/\/eviljasalv.ee\/?s={search_term_string}"},"query-input":{"@type":"PropertyValueSpecification","valueRequired":true,"valueName":"search_term_string"}}],"inLanguage":"ru-RU"},{"@type":"Organization","@id":"https:\/\/eviljasalv.ee\/#organization","name":"O\u00dc Eesti Viljasalv","url":"https:\/\/eviljasalv.ee\/","logo":{"@type":"ImageObject","inLanguage":"ru-RU","@id":"https:\/\/eviljasalv.ee\/#\/schema\/logo\/image\/","url":"https:\/\/eviljasalv.ee\/wp-content\/uploads\/2017\/02\/Eesti_Viljasalv_LOGO-copy-1.png","contentUrl":"https:\/\/eviljasalv.ee\/wp-content\/uploads\/2017\/02\/Eesti_Viljasalv_LOGO-copy-1.png","width":386,"height":156,"caption":"O\u00dc Eesti Viljasalv"},"image":{"@id":"https:\/\/eviljasalv.ee\/#\/schema\/logo\/image\/"}}]}},"_links":{"self":[{"href":"https:\/\/eviljasalv.ee\/ru\/wp-json\/wp\/v2\/pages\/939","targetHints":{"allow":["GET"]}}],"collection":[{"href":"https:\/\/eviljasalv.ee\/ru\/wp-json\/wp\/v2\/pages"}],"about":[{"href":"https:\/\/eviljasalv.ee\/ru\/wp-json\/wp\/v2\/types\/page"}],"author":[{"embeddable":true,"href":"https:\/\/eviljasalv.ee\/ru\/wp-json\/wp\/v2\/users\/2"}],"replies":[{"embeddable":true,"href":"https:\/\/eviljasalv.ee\/ru\/wp-json\/wp\/v2\/comments?post=939"}],"version-history":[{"count":1,"href":"https:\/\/eviljasalv.ee\/ru\/wp-json\/wp\/v2\/pages\/939\/revisions"}],"predecessor-version":[{"id":940,"href":"https:\/\/eviljasalv.ee\/ru\/wp-json\/wp\/v2\/pages\/939\/revisions\/940"}],"up":[{"embeddable":true,"href":"https:\/\/eviljasalv.ee\/ru\/wp-json\/wp\/v2\/pages\/907"}],"wp:attachment":[{"href":"https:\/\/eviljasalv.ee\/ru\/wp-json\/wp\/v2\/media?parent=939"}],"curies":[{"name":"wp","href":"https:\/\/api.w.org\/{rel}","templated":true}]}}