{"id":907,"date":"2017-07-19T12:21:13","date_gmt":"2017-07-19T09:21:13","guid":{"rendered":"http:\/\/eviljasalv.ee\/?page_id=907\/"},"modified":"2017-07-19T16:36:32","modified_gmt":"2017-07-19T13:36:32","slug":"produkcija","status":"publish","type":"page","link":"https:\/\/eviljasalv.ee\/ru\/produkcija\/","title":{"rendered":"\u041f\u0420\u041e\u0414\u0423\u041a\u0426\u0418\u042f"},"content":{"rendered":"\n<style type=\"text\/css\" data-created_by=\"avia_inline_auto\" id=\"style-css-av-av_one_half-6126cab7d8fab8d08143dd2dacdf673c\">\n.flex_column.av-av_one_half-6126cab7d8fab8d08143dd2dacdf673c{\n-webkit-border-radius:0px 0px 0px 0px;\n-moz-border-radius:0px 0px 0px 0px;\nborder-radius:0px 0px 0px 0px;\n}\n<\/style>\n<div class='flex_column av-av_one_half-6126cab7d8fab8d08143dd2dacdf673c av_one_half  avia-builder-el-0  el_before_av_one_half  avia-builder-el-first  first flex_column_div av-zero-column-padding '     ><p>\n<style type=\"text\/css\" data-created_by=\"avia_inline_auto\" id=\"style-css-av-av_image-daa6ee72bb7c8f71ec05f46fe6b5781d\">\n.avia-image-container.av-av_image-daa6ee72bb7c8f71ec05f46fe6b5781d img.avia_image{\nbox-shadow:none;\n}\n.avia-image-container.av-av_image-daa6ee72bb7c8f71ec05f46fe6b5781d .av-image-caption-overlay-center{\ncolor:#ffffff;\n}\n<\/style>\n<div  class='avia-image-container av-av_image-daa6ee72bb7c8f71ec05f46fe6b5781d av-styling- avia-align-center  avia-builder-el-1  el_before_av_textblock  avia-builder-el-first '   itemprop=\"image\" itemscope=\"itemscope\" itemtype=\"https:\/\/schema.org\/ImageObject\" ><div class=\"avia-image-container-inner\"><div class=\"avia-image-overlay-wrap\"><img decoding=\"async\" class='wp-image-662 avia-img-lazy-loading-not-662 avia_image ' src=\"https:\/\/eviljasalv.ee\/wp-content\/uploads\/2017\/02\/sojarott-733x321.jpg\" alt='' title='sojarott'  height=\"321\" width=\"733\"  itemprop=\"thumbnailUrl\"  \/><\/div><\/div><\/div><br \/>\n<section  class='av_textblock_section av-av_textblock-0366cc7376be6c9e82a3e9cc8987b64f'  itemscope=\"itemscope\" itemtype=\"https:\/\/schema.org\/CreativeWork\" ><div class='avia_textblock'  itemprop=\"text\" ><p>\u041c\u044b \u0437\u0430\u043d\u0438\u043c\u0430\u0435\u043c\u0441\u044f \u043f\u0440\u043e\u0434\u0430\u0436\u0435\u0439 \u0441\u0435\u043b\u044c\u0441\u043a\u043e\u0445\u043e\u0437\u044f\u0439\u0441\u0442\u0432\u0435\u043d\u043d\u043e\u0439 \u043f\u0440\u043e\u0434\u0443\u043a\u0446\u0438\u0438 \u0438 \u0437\u0435\u0440\u043d\u0430. \u0411\u043e\u043b\u0435\u0435 \u043f\u043e\u0434\u0440\u043e\u0431\u043d\u0430\u044f \u0438\u043d\u0444\u043e\u0440\u043c\u0430\u0446\u0438\u044f \u0438 \u043f\u0440\u0435\u0434\u043b\u043e\u0436\u0435\u043d\u0438\u044f:<\/p>\n<p><strong>\u041a\u0430\u0440\u0435\u043b\u044c \u041a\u044f\u0440\u0431\u043b\u0430\u043d\u0435<\/strong><br \/>\n\u043c\u0435\u043d\u0435\u0434\u0436\u0435\u0440 \u043f\u043e \u043f\u0440\u043e\u0434\u0430\u0436\u0430\u043c<br \/>\n+372 53 016 284<br \/>\nkarel@eviljasalv.ee<\/p>\n<\/div><\/section><\/p><\/div>\n<style type=\"text\/css\" data-created_by=\"avia_inline_auto\" id=\"style-css-av-av_one_half-0aa7055fe62c3622faec82866afbaeb2\">\n.flex_column.av-av_one_half-0aa7055fe62c3622faec82866afbaeb2{\n-webkit-border-radius:0px 0px 0px 0px;\n-moz-border-radius:0px 0px 0px 0px;\nborder-radius:0px 0px 0px 0px;\n}\n<\/style>\n<div class='flex_column av-av_one_half-0aa7055fe62c3622faec82866afbaeb2 av_one_half  avia-builder-el-3  el_after_av_one_half  avia-builder-el-last  flex_column_div av-zero-column-padding '     ><form action=\"https:\/\/eviljasalv.ee\/ru\/produkcija\/\" method=\"post\"  class=\"avia_ajax_form av-form-labels-hidden   avia-builder-el-4  avia-builder-el-no-sibling   \" data-avia-form-id=\"1\" data-avia-redirect='' ><h3 class=''>\u041d\u0430\u043f\u0438\u0448\u0438\u0442\u0435 \u043d\u0430\u043c<\/h3><fieldset><p class='  first_form  form_element form_fullwidth' id='element_avia_1_1'><label for=\"avia_1_1\">\u041d\u0430\u043f\u0438\u0448\u0438\u0442\u0435 \u043d\u0430\u043c <abbr class=\"required\" title=\"\u0442\u0440\u0435\u0431\u0443\u0435\u0442\u0441\u044f\">*<\/abbr><\/label> <input name=\"avia_1_1\" class=\"text_input is_empty\" type=\"text\" id=\"avia_1_1\" value=\"\"  placeholder='\u041d\u0430\u043f\u0438\u0448\u0438\u0442\u0435 \u043d\u0430\u043c*'\/><\/p><p class='  first_form  form_element form_fullwidth' id='element_avia_2_1'><label for=\"avia_2_1\">\u042d\u043b. \u043f\u043e\u0447\u0442\u0430 <abbr class=\"required\" title=\"\u0442\u0440\u0435\u0431\u0443\u0435\u0442\u0441\u044f\">*<\/abbr><\/label> <input name=\"avia_2_1\" class=\"text_input is_email\" type=\"text\" id=\"avia_2_1\" value=\"\"  placeholder='\u042d\u043b. \u043f\u043e\u0447\u0442\u0430*'\/><\/p><p class='  first_form  form_element form_fullwidth av-last-visible-form-element' id='element_avia_3_1'><label for=\"avia_3_1\" class=\"textare_label hidden textare_label_avia_3_1\">\u0421\u043e\u043e\u0431\u0449\u0435\u043d\u0438\u0435 <abbr class=\"required\" title=\"\u0442\u0440\u0435\u0431\u0443\u0435\u0442\u0441\u044f\">*<\/abbr><\/label><textarea  placeholder='\u0421\u043e\u043e\u0431\u0449\u0435\u043d\u0438\u0435*' name=\"avia_3_1\" class=\"text_area is_empty\" cols=\"40\" rows=\"7\" id=\"avia_3_1\" ><\/textarea><\/p><p class=\"hidden\"><input type=\"text\" name=\"avia_4_1\" class=\"hidden \" id=\"avia_4_1\" value=\"\" \/><\/p><p class=\"form_element \"><input type=\"hidden\" value=\"1\" name=\"avia_generated_form1\" \/><input type=\"submit\" value=\"\u0421\u043e\u043e\u0431\u0449\u0435\u043d\u0438\u0435\" class=\"button\"  data-sending-label=\"\u041e\u0442\u043f\u0440\u0430\u0432\u043a\u0430\"\/><\/p><\/fieldset><\/form><div id=\"ajaxresponse_1\" class=\"ajaxresponse ajaxresponse_1 hidden\"><\/div><\/div><\/p>\n","protected":false},"excerpt":{"rendered":"","protected":false},"author":2,"featured_media":0,"parent":0,"menu_order":0,"comment_status":"closed","ping_status":"closed","template":"","meta":{"footnotes":""},"class_list":["post-907","page","type-page","status-publish","hentry"],"yoast_head":"<!-- This site is optimized with the Yoast SEO plugin v27.3 - https:\/\/yoast.com\/product\/yoast-seo-wordpress\/ -->\n<title>\u041f\u0420\u041e\u0414\u0423\u041a\u0426\u0418\u042f - O\u00dc Eesti Viljasalv<\/title>\n<meta name=\"robots\" content=\"index, follow, max-snippet:-1, max-image-preview:large, max-video-preview:-1\" \/>\n<link rel=\"canonical\" href=\"https:\/\/eviljasalv.ee\/ru\/produkcija\/\" \/>\n<meta property=\"og:locale\" content=\"ru_RU\" \/>\n<meta property=\"og:type\" content=\"article\" \/>\n<meta property=\"og:title\" content=\"\u041f\u0420\u041e\u0414\u0423\u041a\u0426\u0418\u042f - O\u00dc Eesti Viljasalv\" \/>\n<meta property=\"og:url\" content=\"https:\/\/eviljasalv.ee\/ru\/produkcija\/\" \/>\n<meta property=\"og:site_name\" content=\"O\u00dc Eesti Viljasalv\" \/>\n<meta property=\"article:modified_time\" content=\"2017-07-19T13:36:32+00:00\" \/>\n<meta name=\"twitter:card\" content=\"summary_large_image\" \/>\n<meta name=\"twitter:label1\" content=\"\u041f\u0440\u0438\u043c\u0435\u0440\u043d\u043e\u0435 \u0432\u0440\u0435\u043c\u044f \u0434\u043b\u044f \u0447\u0442\u0435\u043d\u0438\u044f\" \/>\n\t<meta name=\"twitter:data1\" content=\"1 \u043c\u0438\u043d\u0443\u0442\u0430\" \/>\n<script type=\"application\/ld+json\" class=\"yoast-schema-graph\">{\"@context\":\"https:\\\/\\\/schema.org\",\"@graph\":[{\"@type\":\"WebPage\",\"@id\":\"https:\\\/\\\/eviljasalv.ee\\\/ru\\\/produkcija\\\/\",\"url\":\"https:\\\/\\\/eviljasalv.ee\\\/ru\\\/produkcija\\\/\",\"name\":\"\u041f\u0420\u041e\u0414\u0423\u041a\u0426\u0418\u042f - O\u00dc Eesti Viljasalv\",\"isPartOf\":{\"@id\":\"https:\\\/\\\/eviljasalv.ee\\\/#website\"},\"datePublished\":\"2017-07-19T09:21:13+00:00\",\"dateModified\":\"2017-07-19T13:36:32+00:00\",\"breadcrumb\":{\"@id\":\"https:\\\/\\\/eviljasalv.ee\\\/ru\\\/produkcija\\\/#breadcrumb\"},\"inLanguage\":\"ru-RU\",\"potentialAction\":[{\"@type\":\"ReadAction\",\"target\":[\"https:\\\/\\\/eviljasalv.ee\\\/ru\\\/produkcija\\\/\"]}]},{\"@type\":\"BreadcrumbList\",\"@id\":\"https:\\\/\\\/eviljasalv.ee\\\/ru\\\/produkcija\\\/#breadcrumb\",\"itemListElement\":[{\"@type\":\"ListItem\",\"position\":1,\"name\":\"Home\",\"item\":\"https:\\\/\\\/eviljasalv.ee\\\/ru\\\/glavnaja-stranica\\\/\"},{\"@type\":\"ListItem\",\"position\":2,\"name\":\"\u041f\u0420\u041e\u0414\u0423\u041a\u0426\u0418\u042f\"}]},{\"@type\":\"WebSite\",\"@id\":\"https:\\\/\\\/eviljasalv.ee\\\/#website\",\"url\":\"https:\\\/\\\/eviljasalv.ee\\\/\",\"name\":\"O\u00dc Eesti Viljasalv\",\"description\":\"Teravilja ja p\u00f5llumajandustoodete ost-m\u00fc\u00fck, transport ja ladustamine\",\"publisher\":{\"@id\":\"https:\\\/\\\/eviljasalv.ee\\\/#organization\"},\"potentialAction\":[{\"@type\":\"SearchAction\",\"target\":{\"@type\":\"EntryPoint\",\"urlTemplate\":\"https:\\\/\\\/eviljasalv.ee\\\/?s={search_term_string}\"},\"query-input\":{\"@type\":\"PropertyValueSpecification\",\"valueRequired\":true,\"valueName\":\"search_term_string\"}}],\"inLanguage\":\"ru-RU\"},{\"@type\":\"Organization\",\"@id\":\"https:\\\/\\\/eviljasalv.ee\\\/#organization\",\"name\":\"O\u00dc Eesti Viljasalv\",\"url\":\"https:\\\/\\\/eviljasalv.ee\\\/\",\"logo\":{\"@type\":\"ImageObject\",\"inLanguage\":\"ru-RU\",\"@id\":\"https:\\\/\\\/eviljasalv.ee\\\/#\\\/schema\\\/logo\\\/image\\\/\",\"url\":\"https:\\\/\\\/eviljasalv.ee\\\/wp-content\\\/uploads\\\/2017\\\/02\\\/Eesti_Viljasalv_LOGO-copy-1.png\",\"contentUrl\":\"https:\\\/\\\/eviljasalv.ee\\\/wp-content\\\/uploads\\\/2017\\\/02\\\/Eesti_Viljasalv_LOGO-copy-1.png\",\"width\":386,\"height\":156,\"caption\":\"O\u00dc Eesti Viljasalv\"},\"image\":{\"@id\":\"https:\\\/\\\/eviljasalv.ee\\\/#\\\/schema\\\/logo\\\/image\\\/\"}}]}<\/script>\n<!-- \/ Yoast SEO plugin. -->","yoast_head_json":{"title":"\u041f\u0420\u041e\u0414\u0423\u041a\u0426\u0418\u042f - O\u00dc Eesti Viljasalv","robots":{"index":"index","follow":"follow","max-snippet":"max-snippet:-1","max-image-preview":"max-image-preview:large","max-video-preview":"max-video-preview:-1"},"canonical":"https:\/\/eviljasalv.ee\/ru\/produkcija\/","og_locale":"ru_RU","og_type":"article","og_title":"\u041f\u0420\u041e\u0414\u0423\u041a\u0426\u0418\u042f - O\u00dc Eesti Viljasalv","og_url":"https:\/\/eviljasalv.ee\/ru\/produkcija\/","og_site_name":"O\u00dc Eesti Viljasalv","article_modified_time":"2017-07-19T13:36:32+00:00","twitter_card":"summary_large_image","twitter_misc":{"\u041f\u0440\u0438\u043c\u0435\u0440\u043d\u043e\u0435 \u0432\u0440\u0435\u043c\u044f \u0434\u043b\u044f \u0447\u0442\u0435\u043d\u0438\u044f":"1 \u043c\u0438\u043d\u0443\u0442\u0430"},"schema":{"@context":"https:\/\/schema.org","@graph":[{"@type":"WebPage","@id":"https:\/\/eviljasalv.ee\/ru\/produkcija\/","url":"https:\/\/eviljasalv.ee\/ru\/produkcija\/","name":"\u041f\u0420\u041e\u0414\u0423\u041a\u0426\u0418\u042f - O\u00dc Eesti Viljasalv","isPartOf":{"@id":"https:\/\/eviljasalv.ee\/#website"},"datePublished":"2017-07-19T09:21:13+00:00","dateModified":"2017-07-19T13:36:32+00:00","breadcrumb":{"@id":"https:\/\/eviljasalv.ee\/ru\/produkcija\/#breadcrumb"},"inLanguage":"ru-RU","potentialAction":[{"@type":"ReadAction","target":["https:\/\/eviljasalv.ee\/ru\/produkcija\/"]}]},{"@type":"BreadcrumbList","@id":"https:\/\/eviljasalv.ee\/ru\/produkcija\/#breadcrumb","itemListElement":[{"@type":"ListItem","position":1,"name":"Home","item":"https:\/\/eviljasalv.ee\/ru\/glavnaja-stranica\/"},{"@type":"ListItem","position":2,"name":"\u041f\u0420\u041e\u0414\u0423\u041a\u0426\u0418\u042f"}]},{"@type":"WebSite","@id":"https:\/\/eviljasalv.ee\/#website","url":"https:\/\/eviljasalv.ee\/","name":"O\u00dc Eesti Viljasalv","description":"Teravilja ja p\u00f5llumajandustoodete ost-m\u00fc\u00fck, transport ja ladustamine","publisher":{"@id":"https:\/\/eviljasalv.ee\/#organization"},"potentialAction":[{"@type":"SearchAction","target":{"@type":"EntryPoint","urlTemplate":"https:\/\/eviljasalv.ee\/?s={search_term_string}"},"query-input":{"@type":"PropertyValueSpecification","valueRequired":true,"valueName":"search_term_string"}}],"inLanguage":"ru-RU"},{"@type":"Organization","@id":"https:\/\/eviljasalv.ee\/#organization","name":"O\u00dc Eesti Viljasalv","url":"https:\/\/eviljasalv.ee\/","logo":{"@type":"ImageObject","inLanguage":"ru-RU","@id":"https:\/\/eviljasalv.ee\/#\/schema\/logo\/image\/","url":"https:\/\/eviljasalv.ee\/wp-content\/uploads\/2017\/02\/Eesti_Viljasalv_LOGO-copy-1.png","contentUrl":"https:\/\/eviljasalv.ee\/wp-content\/uploads\/2017\/02\/Eesti_Viljasalv_LOGO-copy-1.png","width":386,"height":156,"caption":"O\u00dc Eesti Viljasalv"},"image":{"@id":"https:\/\/eviljasalv.ee\/#\/schema\/logo\/image\/"}}]}},"_links":{"self":[{"href":"https:\/\/eviljasalv.ee\/ru\/wp-json\/wp\/v2\/pages\/907","targetHints":{"allow":["GET"]}}],"collection":[{"href":"https:\/\/eviljasalv.ee\/ru\/wp-json\/wp\/v2\/pages"}],"about":[{"href":"https:\/\/eviljasalv.ee\/ru\/wp-json\/wp\/v2\/types\/page"}],"author":[{"embeddable":true,"href":"https:\/\/eviljasalv.ee\/ru\/wp-json\/wp\/v2\/users\/2"}],"replies":[{"embeddable":true,"href":"https:\/\/eviljasalv.ee\/ru\/wp-json\/wp\/v2\/comments?post=907"}],"version-history":[{"count":1,"href":"https:\/\/eviljasalv.ee\/ru\/wp-json\/wp\/v2\/pages\/907\/revisions"}],"predecessor-version":[{"id":908,"href":"https:\/\/eviljasalv.ee\/ru\/wp-json\/wp\/v2\/pages\/907\/revisions\/908"}],"wp:attachment":[{"href":"https:\/\/eviljasalv.ee\/ru\/wp-json\/wp\/v2\/media?parent=907"}],"curies":[{"name":"wp","href":"https:\/\/api.w.org\/{rel}","templated":true}]}}