{"id":978,"date":"2017-07-19T15:41:02","date_gmt":"2017-07-19T12:41:02","guid":{"rendered":"http:\/\/eviljasalv.ee\/?page_id=978\/"},"modified":"2017-07-19T16:44:05","modified_gmt":"2017-07-19T13:44:05","slug":"storage-services","status":"publish","type":"page","link":"https:\/\/eviljasalv.ee\/en\/services\/storage-services\/","title":{"rendered":"Storage services"},"content":{"rendered":"\n<style type=\"text\/css\" data-created_by=\"avia_inline_auto\" id=\"style-css-av-av_one_half-5cf06b61fb0ae79c739100d63f487f0c\">\n.flex_column.av-av_one_half-5cf06b61fb0ae79c739100d63f487f0c{\n-webkit-border-radius:0px 0px 0px 0px;\n-moz-border-radius:0px 0px 0px 0px;\nborder-radius:0px 0px 0px 0px;\n}\n<\/style>\n<div class='flex_column av-av_one_half-5cf06b61fb0ae79c739100d63f487f0c av_one_half  avia-builder-el-0  el_before_av_one_half  avia-builder-el-first  first flex_column_div av-animated-generic bottom-to-top av-zero-column-padding '     ><p>\n<style type=\"text\/css\" data-created_by=\"avia_inline_auto\" id=\"style-css-av-av_gallery-6d9f5f7b9af92d8c423bf055ca385eec\">\n#top .avia-gallery.av-av_gallery-6d9f5f7b9af92d8c423bf055ca385eec .avia-gallery-thumb a{\nwidth:50%;\n}\n<\/style>\n<div  class='avia-gallery av-av_gallery-6d9f5f7b9af92d8c423bf055ca385eec avia_animate_when_visible  avia-builder-el-1  el_before_av_textblock  avia-builder-el-first  avia_lazyload avia-gallery-animate avia-gallery-1'  itemprop=\"image\" itemscope=\"itemscope\" itemtype=\"https:\/\/schema.org\/ImageObject\" ><meta itemprop=\"contentURL\" content=\"https:\/\/eviljasalv.ee\/en\/services\/storage-services\/\"><div class='avia-gallery-thumb'><a href=\"https:\/\/eviljasalv.ee\/wp-content\/uploads\/2017\/02\/Ladu-seest-1030x579.jpg\" data-srcset=\"https:\/\/eviljasalv.ee\/wp-content\/uploads\/2017\/02\/Ladu-seest-1030x579.jpg 1030w, https:\/\/eviljasalv.ee\/wp-content\/uploads\/2017\/02\/Ladu-seest-300x169.jpg 300w, https:\/\/eviljasalv.ee\/wp-content\/uploads\/2017\/02\/Ladu-seest-768x432.jpg 768w, https:\/\/eviljasalv.ee\/wp-content\/uploads\/2017\/02\/Ladu-seest-1500x843.jpg 1500w, https:\/\/eviljasalv.ee\/wp-content\/uploads\/2017\/02\/Ladu-seest-705x396.jpg 705w, https:\/\/eviljasalv.ee\/wp-content\/uploads\/2017\/02\/Ladu-seest-450x253.jpg 450w, https:\/\/eviljasalv.ee\/wp-content\/uploads\/2017\/02\/Ladu-seest.jpg 1599w\" data-sizes=\"(max-width: 1030px) 100vw, 1030px\" data-rel='gallery-1' data-prev-img='https:\/\/eviljasalv.ee\/wp-content\/uploads\/2017\/02\/Ladu-seest-495x400.jpg' class='first_thumb lightbox ' data-onclick='1' title='Ladu-seest'  itemprop=\"thumbnailUrl\"  ><img decoding=\"async\" class=\"wp-image-849 avia-img-lazy-loading-not-849\"   src=\"https:\/\/eviljasalv.ee\/wp-content\/uploads\/2017\/02\/Ladu-seest-300x169.jpg\" width=\"300\" height=\"169\"  title='Ladu-seest' alt='' srcset=\"https:\/\/eviljasalv.ee\/wp-content\/uploads\/2017\/02\/Ladu-seest-300x169.jpg 300w, https:\/\/eviljasalv.ee\/wp-content\/uploads\/2017\/02\/Ladu-seest-768x432.jpg 768w, https:\/\/eviljasalv.ee\/wp-content\/uploads\/2017\/02\/Ladu-seest-1030x579.jpg 1030w, https:\/\/eviljasalv.ee\/wp-content\/uploads\/2017\/02\/Ladu-seest-1500x843.jpg 1500w, https:\/\/eviljasalv.ee\/wp-content\/uploads\/2017\/02\/Ladu-seest-705x396.jpg 705w, https:\/\/eviljasalv.ee\/wp-content\/uploads\/2017\/02\/Ladu-seest-450x253.jpg 450w, https:\/\/eviljasalv.ee\/wp-content\/uploads\/2017\/02\/Ladu-seest.jpg 1599w\" sizes=\"(max-width: 300px) 100vw, 300px\" \/><div class='big-prev-fake'><img loading=\"lazy\" decoding=\"async\" class=\"wp-image-849 avia-img-lazy-loading-849\"  width=\"495\" height=\"400\" src=\"https:\/\/eviljasalv.ee\/wp-content\/uploads\/2017\/02\/Ladu-seest-495x400.jpg\" title='Ladu-seest' alt='' srcset=\"https:\/\/eviljasalv.ee\/wp-content\/uploads\/2017\/02\/Ladu-seest-495x400.jpg 495w, https:\/\/eviljasalv.ee\/wp-content\/uploads\/2017\/02\/Ladu-seest-845x684.jpg 845w\" sizes=\"auto, (max-width: 495px) 100vw, 495px\" \/><\/div><\/a><a href=\"https:\/\/eviljasalv.ee\/wp-content\/uploads\/2017\/02\/Ladu-v\u00e4ljast-1030x579.jpg\" data-srcset=\"https:\/\/eviljasalv.ee\/wp-content\/uploads\/2017\/02\/Ladu-v\u00e4ljast-1030x579.jpg 1030w, https:\/\/eviljasalv.ee\/wp-content\/uploads\/2017\/02\/Ladu-v\u00e4ljast-300x169.jpg 300w, https:\/\/eviljasalv.ee\/wp-content\/uploads\/2017\/02\/Ladu-v\u00e4ljast-768x432.jpg 768w, https:\/\/eviljasalv.ee\/wp-content\/uploads\/2017\/02\/Ladu-v\u00e4ljast-705x396.jpg 705w, https:\/\/eviljasalv.ee\/wp-content\/uploads\/2017\/02\/Ladu-v\u00e4ljast-450x253.jpg 450w, https:\/\/eviljasalv.ee\/wp-content\/uploads\/2017\/02\/Ladu-v\u00e4ljast.jpg 1224w\" data-sizes=\"(max-width: 1030px) 100vw, 1030px\" data-rel='gallery-1' data-prev-img='https:\/\/eviljasalv.ee\/wp-content\/uploads\/2017\/02\/Ladu-v\u00e4ljast-495x400.jpg' class='lightbox ' data-onclick='2' title='Ladu-v\u00e4ljast'  itemprop=\"thumbnailUrl\"  ><img decoding=\"async\" class=\"wp-image-847 avia-img-lazy-loading-not-847\"   src=\"https:\/\/eviljasalv.ee\/wp-content\/uploads\/2017\/02\/Ladu-v\u00e4ljast-300x169.jpg\" width=\"300\" height=\"169\"  title='Ladu-v\u00e4ljast' alt='' srcset=\"https:\/\/eviljasalv.ee\/wp-content\/uploads\/2017\/02\/Ladu-v\u00e4ljast-300x169.jpg 300w, https:\/\/eviljasalv.ee\/wp-content\/uploads\/2017\/02\/Ladu-v\u00e4ljast-768x432.jpg 768w, https:\/\/eviljasalv.ee\/wp-content\/uploads\/2017\/02\/Ladu-v\u00e4ljast-1030x579.jpg 1030w, https:\/\/eviljasalv.ee\/wp-content\/uploads\/2017\/02\/Ladu-v\u00e4ljast-705x396.jpg 705w, https:\/\/eviljasalv.ee\/wp-content\/uploads\/2017\/02\/Ladu-v\u00e4ljast-450x253.jpg 450w, https:\/\/eviljasalv.ee\/wp-content\/uploads\/2017\/02\/Ladu-v\u00e4ljast.jpg 1224w\" sizes=\"(max-width: 300px) 100vw, 300px\" \/><div class='big-prev-fake'><img loading=\"lazy\" decoding=\"async\" class=\"wp-image-847 avia-img-lazy-loading-847\"  width=\"495\" height=\"400\" src=\"https:\/\/eviljasalv.ee\/wp-content\/uploads\/2017\/02\/Ladu-v\u00e4ljast-495x400.jpg\" title='Ladu-v\u00e4ljast' alt='' srcset=\"https:\/\/eviljasalv.ee\/wp-content\/uploads\/2017\/02\/Ladu-v\u00e4ljast-495x400.jpg 495w, https:\/\/eviljasalv.ee\/wp-content\/uploads\/2017\/02\/Ladu-v\u00e4ljast-845x684.jpg 845w\" sizes=\"auto, (max-width: 495px) 100vw, 495px\" \/><\/div><\/a><\/div><\/div><br \/>\n<section  class='av_textblock_section av-av_textblock-0366cc7376be6c9e82a3e9cc8987b64f'  itemscope=\"itemscope\" itemtype=\"https:\/\/schema.org\/CreativeWork\" ><div class='avia_textblock'  itemprop=\"text\" ><p><strong>Full service<\/strong><br \/>\nWe offer grain and fertiliser storage space in our warehouse complex in J\u00f5geva, which meets all of the requirements. The price of the storage service includes a grain quality test upon the receipt of the goods and we also offer an on-location grain and corn milling service upon request.<\/p>\n<p><strong>Excellent location<\/strong><br \/>\nA logistically convenient location in J\u00f5geva right next to Tapa-Tartu railway allows you to move large quantities of grain within Estonia and abroad. Our warehouse complex has a private siding that is connected to the main railway. The nearest highways are Piibe, J\u00f5geva-Mustvee and J\u00f5geva-P\u00f5ltsamaa, which ensure a convenient connection to all of the largest national roads.<\/p>\n<p><strong>Loading<\/strong><br \/>\nIn addition to storage, we also offer a transloading service from covered goods wagons to lorries or warehouses and from warehouses to lorries or wagons.<\/p>\n<p>Storage area:<br \/>\nStorage capacity:<\/p>\n<p>Prices are established by agreement, depending on the storage period and quantity of the goods.<\/p>\n<\/div><\/section><\/p><\/div>\n<style type=\"text\/css\" data-created_by=\"avia_inline_auto\" id=\"style-css-av-av_one_half-2fa072da771f37d81465f365327ca0ad\">\n.flex_column.av-av_one_half-2fa072da771f37d81465f365327ca0ad{\n-webkit-border-radius:0px 0px 0px 0px;\n-moz-border-radius:0px 0px 0px 0px;\nborder-radius:0px 0px 0px 0px;\n}\n<\/style>\n<div class='flex_column av-av_one_half-2fa072da771f37d81465f365327ca0ad av_one_half  avia-builder-el-3  el_after_av_one_half  avia-builder-el-last  flex_column_div av-animated-generic bottom-to-top av-zero-column-padding '     ><p><section  class='av_textblock_section av-av_textblock-0366cc7376be6c9e82a3e9cc8987b64f'  itemscope=\"itemscope\" itemtype=\"https:\/\/schema.org\/CreativeWork\" ><div class='avia_textblock'  itemprop=\"text\" ><p><strong>Contact:<\/strong><br \/>\nJaama 1, J\u00f5geva<br \/>\n+372 7766 972<br \/>\n+372 5309 0221<br \/>\nviljasalv@eviljasalv.ee<\/p>\n<\/div><\/section><br \/>\n\n<style type=\"text\/css\" data-created_by=\"avia_inline_auto\" id=\"style-css-av-av_hr-ea69f549b4eaf47e1914d205ab0a5e33\">\n#top .hr.av-av_hr-ea69f549b4eaf47e1914d205ab0a5e33{\nmargin-top:30px;\nmargin-bottom:30px;\n}\n.hr.av-av_hr-ea69f549b4eaf47e1914d205ab0a5e33 .hr-inner{\nwidth:20%;\nborder-color:#83a846;\nmax-width:45%;\n}\n.hr.av-av_hr-ea69f549b4eaf47e1914d205ab0a5e33 .av-seperator-icon{\ncolor:#83a846;\n}\n<\/style>\n<div  class='hr av-av_hr-ea69f549b4eaf47e1914d205ab0a5e33 hr-custom  avia-builder-el-5  el_after_av_textblock  el_before_av_contact  hr-center hr-icon-yes'><span class='hr-inner inner-border-av-border-thin'><span class=\"hr-inner-style\"><\/span><\/span><span class='av-seperator-icon' aria-hidden='true' data-av_icon='\ue804' data-av_iconfont='fontello'><\/span><span class='hr-inner inner-border-av-border-thin'><span class=\"hr-inner-style\"><\/span><\/span><\/div><br \/>\n<form action=\"https:\/\/eviljasalv.ee\/en\/services\/storage-services\/\" method=\"post\"  class=\"avia_ajax_form av-form-labels-hidden   avia-builder-el-6  el_after_av_hr  avia-builder-el-last   \" data-avia-form-id=\"1\" data-avia-redirect='' ><h3 class=''>Contact us<\/h3><fieldset><p class='  first_form  form_element form_fullwidth' id='element_avia_1_1'><label for=\"avia_1_1\">Name <abbr class=\"required\" title=\"required\">*<\/abbr><\/label> <input name=\"avia_1_1\" class=\"text_input is_empty\" type=\"text\" id=\"avia_1_1\" value=\"\"  placeholder='Name*'\/><\/p><p class='  first_form  form_element form_fullwidth' id='element_avia_2_1'><label for=\"avia_2_1\">E-Mail <abbr class=\"required\" title=\"required\">*<\/abbr><\/label> <input name=\"avia_2_1\" class=\"text_input is_email\" type=\"text\" id=\"avia_2_1\" value=\"\"  placeholder='E-Mail*'\/><\/p><p class='  first_form  form_element form_fullwidth av-last-visible-form-element' id='element_avia_3_1'><label for=\"avia_3_1\" class=\"textare_label hidden textare_label_avia_3_1\">Message <abbr class=\"required\" title=\"required\">*<\/abbr><\/label><textarea  placeholder='Message*' name=\"avia_3_1\" class=\"text_area is_empty\" cols=\"40\" rows=\"7\" id=\"avia_3_1\" ><\/textarea><\/p><p class=\"hidden\"><input type=\"text\" name=\"avia_4_1\" class=\"hidden \" id=\"avia_4_1\" value=\"\" \/><\/p><p class=\"form_element \"><input type=\"hidden\" value=\"1\" name=\"avia_generated_form1\" \/><input type=\"submit\" value=\"Send\" class=\"button\"  data-sending-label=\"Sending\"\/><\/p><\/fieldset><\/form><div id=\"ajaxresponse_1\" class=\"ajaxresponse ajaxresponse_1 hidden\"><\/div><\/p><\/div><\/p>\n","protected":false},"excerpt":{"rendered":"","protected":false},"author":2,"featured_media":0,"parent":1057,"menu_order":3,"comment_status":"closed","ping_status":"closed","template":"","meta":{"footnotes":""},"class_list":["post-978","page","type-page","status-publish","hentry"],"yoast_head":"<!-- This site is optimized with the Yoast SEO plugin v27.3 - https:\/\/yoast.com\/product\/yoast-seo-wordpress\/ -->\n<title>Storage services - O\u00dc Eesti Viljasalv<\/title>\n<meta name=\"robots\" content=\"index, follow, max-snippet:-1, max-image-preview:large, max-video-preview:-1\" \/>\n<link rel=\"canonical\" href=\"https:\/\/eviljasalv.ee\/en\/services\/storage-services\/\" \/>\n<meta property=\"og:locale\" content=\"en_US\" \/>\n<meta property=\"og:type\" content=\"article\" \/>\n<meta property=\"og:title\" content=\"Storage services - O\u00dc Eesti Viljasalv\" \/>\n<meta property=\"og:url\" content=\"https:\/\/eviljasalv.ee\/en\/services\/storage-services\/\" \/>\n<meta property=\"og:site_name\" content=\"O\u00dc Eesti Viljasalv\" \/>\n<meta property=\"article:modified_time\" content=\"2017-07-19T13:44:05+00:00\" \/>\n<meta name=\"twitter:card\" content=\"summary_large_image\" \/>\n<meta name=\"twitter:label1\" content=\"Est. reading time\" \/>\n\t<meta name=\"twitter:data1\" content=\"2 minutes\" \/>\n<script type=\"application\/ld+json\" class=\"yoast-schema-graph\">{\"@context\":\"https:\\\/\\\/schema.org\",\"@graph\":[{\"@type\":\"WebPage\",\"@id\":\"https:\\\/\\\/eviljasalv.ee\\\/en\\\/services\\\/storage-services\\\/\",\"url\":\"https:\\\/\\\/eviljasalv.ee\\\/en\\\/services\\\/storage-services\\\/\",\"name\":\"Storage services - O\u00dc Eesti Viljasalv\",\"isPartOf\":{\"@id\":\"https:\\\/\\\/eviljasalv.ee\\\/#website\"},\"datePublished\":\"2017-07-19T12:41:02+00:00\",\"dateModified\":\"2017-07-19T13:44:05+00:00\",\"breadcrumb\":{\"@id\":\"https:\\\/\\\/eviljasalv.ee\\\/en\\\/services\\\/storage-services\\\/#breadcrumb\"},\"inLanguage\":\"en-US\",\"potentialAction\":[{\"@type\":\"ReadAction\",\"target\":[\"https:\\\/\\\/eviljasalv.ee\\\/en\\\/services\\\/storage-services\\\/\"]}]},{\"@type\":\"BreadcrumbList\",\"@id\":\"https:\\\/\\\/eviljasalv.ee\\\/en\\\/services\\\/storage-services\\\/#breadcrumb\",\"itemListElement\":[{\"@type\":\"ListItem\",\"position\":1,\"name\":\"Home\",\"item\":\"https:\\\/\\\/eviljasalv.ee\\\/en\\\/home\\\/\"},{\"@type\":\"ListItem\",\"position\":2,\"name\":\"Services\",\"item\":\"https:\\\/\\\/eviljasalv.ee\\\/en\\\/services\\\/\"},{\"@type\":\"ListItem\",\"position\":3,\"name\":\"Storage services\"}]},{\"@type\":\"WebSite\",\"@id\":\"https:\\\/\\\/eviljasalv.ee\\\/#website\",\"url\":\"https:\\\/\\\/eviljasalv.ee\\\/\",\"name\":\"O\u00dc Eesti Viljasalv\",\"description\":\"Teravilja ja p\u00f5llumajandustoodete ost-m\u00fc\u00fck, transport ja ladustamine\",\"publisher\":{\"@id\":\"https:\\\/\\\/eviljasalv.ee\\\/#organization\"},\"potentialAction\":[{\"@type\":\"SearchAction\",\"target\":{\"@type\":\"EntryPoint\",\"urlTemplate\":\"https:\\\/\\\/eviljasalv.ee\\\/?s={search_term_string}\"},\"query-input\":{\"@type\":\"PropertyValueSpecification\",\"valueRequired\":true,\"valueName\":\"search_term_string\"}}],\"inLanguage\":\"en-US\"},{\"@type\":\"Organization\",\"@id\":\"https:\\\/\\\/eviljasalv.ee\\\/#organization\",\"name\":\"O\u00dc Eesti Viljasalv\",\"url\":\"https:\\\/\\\/eviljasalv.ee\\\/\",\"logo\":{\"@type\":\"ImageObject\",\"inLanguage\":\"en-US\",\"@id\":\"https:\\\/\\\/eviljasalv.ee\\\/#\\\/schema\\\/logo\\\/image\\\/\",\"url\":\"https:\\\/\\\/eviljasalv.ee\\\/wp-content\\\/uploads\\\/2017\\\/02\\\/Eesti_Viljasalv_LOGO-copy-1.png\",\"contentUrl\":\"https:\\\/\\\/eviljasalv.ee\\\/wp-content\\\/uploads\\\/2017\\\/02\\\/Eesti_Viljasalv_LOGO-copy-1.png\",\"width\":386,\"height\":156,\"caption\":\"O\u00dc Eesti Viljasalv\"},\"image\":{\"@id\":\"https:\\\/\\\/eviljasalv.ee\\\/#\\\/schema\\\/logo\\\/image\\\/\"}}]}<\/script>\n<!-- \/ Yoast SEO plugin. -->","yoast_head_json":{"title":"Storage services - O\u00dc Eesti Viljasalv","robots":{"index":"index","follow":"follow","max-snippet":"max-snippet:-1","max-image-preview":"max-image-preview:large","max-video-preview":"max-video-preview:-1"},"canonical":"https:\/\/eviljasalv.ee\/en\/services\/storage-services\/","og_locale":"en_US","og_type":"article","og_title":"Storage services - O\u00dc Eesti Viljasalv","og_url":"https:\/\/eviljasalv.ee\/en\/services\/storage-services\/","og_site_name":"O\u00dc Eesti Viljasalv","article_modified_time":"2017-07-19T13:44:05+00:00","twitter_card":"summary_large_image","twitter_misc":{"Est. reading time":"2 minutes"},"schema":{"@context":"https:\/\/schema.org","@graph":[{"@type":"WebPage","@id":"https:\/\/eviljasalv.ee\/en\/services\/storage-services\/","url":"https:\/\/eviljasalv.ee\/en\/services\/storage-services\/","name":"Storage services - O\u00dc Eesti Viljasalv","isPartOf":{"@id":"https:\/\/eviljasalv.ee\/#website"},"datePublished":"2017-07-19T12:41:02+00:00","dateModified":"2017-07-19T13:44:05+00:00","breadcrumb":{"@id":"https:\/\/eviljasalv.ee\/en\/services\/storage-services\/#breadcrumb"},"inLanguage":"en-US","potentialAction":[{"@type":"ReadAction","target":["https:\/\/eviljasalv.ee\/en\/services\/storage-services\/"]}]},{"@type":"BreadcrumbList","@id":"https:\/\/eviljasalv.ee\/en\/services\/storage-services\/#breadcrumb","itemListElement":[{"@type":"ListItem","position":1,"name":"Home","item":"https:\/\/eviljasalv.ee\/en\/home\/"},{"@type":"ListItem","position":2,"name":"Services","item":"https:\/\/eviljasalv.ee\/en\/services\/"},{"@type":"ListItem","position":3,"name":"Storage services"}]},{"@type":"WebSite","@id":"https:\/\/eviljasalv.ee\/#website","url":"https:\/\/eviljasalv.ee\/","name":"O\u00dc Eesti Viljasalv","description":"Teravilja ja p\u00f5llumajandustoodete ost-m\u00fc\u00fck, transport ja ladustamine","publisher":{"@id":"https:\/\/eviljasalv.ee\/#organization"},"potentialAction":[{"@type":"SearchAction","target":{"@type":"EntryPoint","urlTemplate":"https:\/\/eviljasalv.ee\/?s={search_term_string}"},"query-input":{"@type":"PropertyValueSpecification","valueRequired":true,"valueName":"search_term_string"}}],"inLanguage":"en-US"},{"@type":"Organization","@id":"https:\/\/eviljasalv.ee\/#organization","name":"O\u00dc Eesti Viljasalv","url":"https:\/\/eviljasalv.ee\/","logo":{"@type":"ImageObject","inLanguage":"en-US","@id":"https:\/\/eviljasalv.ee\/#\/schema\/logo\/image\/","url":"https:\/\/eviljasalv.ee\/wp-content\/uploads\/2017\/02\/Eesti_Viljasalv_LOGO-copy-1.png","contentUrl":"https:\/\/eviljasalv.ee\/wp-content\/uploads\/2017\/02\/Eesti_Viljasalv_LOGO-copy-1.png","width":386,"height":156,"caption":"O\u00dc Eesti Viljasalv"},"image":{"@id":"https:\/\/eviljasalv.ee\/#\/schema\/logo\/image\/"}}]}},"_links":{"self":[{"href":"https:\/\/eviljasalv.ee\/en\/wp-json\/wp\/v2\/pages\/978","targetHints":{"allow":["GET"]}}],"collection":[{"href":"https:\/\/eviljasalv.ee\/en\/wp-json\/wp\/v2\/pages"}],"about":[{"href":"https:\/\/eviljasalv.ee\/en\/wp-json\/wp\/v2\/types\/page"}],"author":[{"embeddable":true,"href":"https:\/\/eviljasalv.ee\/en\/wp-json\/wp\/v2\/users\/2"}],"replies":[{"embeddable":true,"href":"https:\/\/eviljasalv.ee\/en\/wp-json\/wp\/v2\/comments?post=978"}],"version-history":[{"count":1,"href":"https:\/\/eviljasalv.ee\/en\/wp-json\/wp\/v2\/pages\/978\/revisions"}],"predecessor-version":[{"id":979,"href":"https:\/\/eviljasalv.ee\/en\/wp-json\/wp\/v2\/pages\/978\/revisions\/979"}],"up":[{"embeddable":true,"href":"https:\/\/eviljasalv.ee\/en\/wp-json\/wp\/v2\/pages\/1057"}],"wp:attachment":[{"href":"https:\/\/eviljasalv.ee\/en\/wp-json\/wp\/v2\/media?parent=978"}],"curies":[{"name":"wp","href":"https:\/\/api.w.org\/{rel}","templated":true}]}}