{"id":945,"date":"2017-07-19T14:38:44","date_gmt":"2017-07-19T11:38:44","guid":{"rendered":"http:\/\/eviljasalv.ee\/?page_id=945\/"},"modified":"2017-07-19T14:40:02","modified_gmt":"2017-07-19T11:40:02","slug":"sunflower-meal","status":"publish","type":"page","link":"https:\/\/eviljasalv.ee\/en\/products\/sunflower-meal\/","title":{"rendered":"Sunflower meal"},"content":{"rendered":"\n<style type=\"text\/css\" data-created_by=\"avia_inline_auto\" id=\"style-css-av-av_heading-283f4cfb4065a7e0b038cf98199e0c64\">\n#top .av-special-heading.av-av_heading-283f4cfb4065a7e0b038cf98199e0c64{\npadding-bottom:15px;\nfont-size:30px;\n}\nbody .av-special-heading.av-av_heading-283f4cfb4065a7e0b038cf98199e0c64 .av-special-heading-tag .heading-char{\nfont-size:25px;\n}\n#top #wrap_all .av-special-heading.av-av_heading-283f4cfb4065a7e0b038cf98199e0c64 .av-special-heading-tag{\nfont-size:30px;\n}\n.av-special-heading.av-av_heading-283f4cfb4065a7e0b038cf98199e0c64 .av-subheading{\nfont-size:15px;\n}\n\n@media only screen and (min-width: 480px) and (max-width: 767px){ \n#top #wrap_all .av-special-heading.av-av_heading-283f4cfb4065a7e0b038cf98199e0c64 .av-special-heading-tag{\nfont-size:0.8em;\n}\n}\n\n@media only screen and (max-width: 479px){ \n#top #wrap_all .av-special-heading.av-av_heading-283f4cfb4065a7e0b038cf98199e0c64 .av-special-heading-tag{\nfont-size:0.8em;\n}\n}\n<\/style>\n<div  class='av-special-heading av-av_heading-283f4cfb4065a7e0b038cf98199e0c64 av-special-heading-h3 blockquote modern-quote  avia-builder-el-0  el_before_av_one_half  avia-builder-el-first  av-inherit-size'><h3 class='av-special-heading-tag'  itemprop=\"headline\"  >Sunflower meal<\/h3><div class=\"special-heading-border\"><div class=\"special-heading-inner-border\"><\/div><\/div><\/div>\n<div class='flex_column_table av-av_one_half-877c4261a69bab824e74b3b7967646c2 sc-av_one_half av-equal-height-column-flextable'>\n<style type=\"text\/css\" data-created_by=\"avia_inline_auto\" id=\"style-css-av-av_one_half-877c4261a69bab824e74b3b7967646c2\">\n.flex_column.av-av_one_half-877c4261a69bab824e74b3b7967646c2{\n-webkit-border-radius:0px 0px 0px 0px;\n-moz-border-radius:0px 0px 0px 0px;\nborder-radius:0px 0px 0px 0px;\n}\n<\/style>\n<div class='flex_column av-av_one_half-877c4261a69bab824e74b3b7967646c2 av_one_half  avia-builder-el-1  el_after_av_heading  el_before_av_one_half  first flex_column_table_cell av-equal-height-column av-align-top av-animated-generic bottom-to-top av-zero-column-padding '     ><section  class='av_textblock_section av-av_textblock-0366cc7376be6c9e82a3e9cc8987b64f'  itemscope=\"itemscope\" itemtype=\"https:\/\/schema.org\/CreativeWork\" ><div class='avia_textblock'  itemprop=\"text\" ><p><strong>Sunflower meal<\/strong>\u00a0is a by-product of hot-pressing sunflower seeds to extract oil, used as high-energy high-protein animal feed. It can be made of hulled, partially dehulled and dehulled seeds. The nutritional value of meal made of hulled seeds is low due to its high content of large hull particles. Meal from dehulled seeds is the most valuable. Meal made of hulled seeds contains 30-40% crude fibre and only 23-26% protein. Meal made of dehulled seeds contains 43-45% protein. Meal made of dehulled or partially dehulled seeds also has a higher energy content than that made of hulled seeds (the energy content of meal made of hulled seeds is 7 MJ\/kg DM, the respective figure for meal made of dehulled seeds is 10-12 MJ\/kg).<br \/>\nSunflower meal is nutritious high-protein feed suitable for the feed ration of cattle, pigs and poultry alike.<\/p>\n<\/div><\/section><\/div><div class='av-flex-placeholder'><\/div>\n<style type=\"text\/css\" data-created_by=\"avia_inline_auto\" id=\"style-css-av-av_one_half-0aa7055fe62c3622faec82866afbaeb2\">\n.flex_column.av-av_one_half-0aa7055fe62c3622faec82866afbaeb2{\n-webkit-border-radius:0px 0px 0px 0px;\n-moz-border-radius:0px 0px 0px 0px;\nborder-radius:0px 0px 0px 0px;\n}\n<\/style>\n<div class='flex_column av-av_one_half-0aa7055fe62c3622faec82866afbaeb2 av_one_half  avia-builder-el-3  el_after_av_one_half  el_before_av_one_full  flex_column_table_cell av-equal-height-column av-align-top av-zero-column-padding '     ><style type=\"text\/css\" data-created_by=\"avia_inline_auto\" id=\"style-css-av-av_image-6d4fc2491c418bcff6bae31c1c1c8dd8\">\n.avia-image-container.av-av_image-6d4fc2491c418bcff6bae31c1c1c8dd8 img.avia_image{\nbox-shadow:none;\n}\n.avia-image-container.av-av_image-6d4fc2491c418bcff6bae31c1c1c8dd8 .av-image-caption-overlay-center{\ncolor:#ffffff;\n}\n<\/style>\n<div  class='avia-image-container av-av_image-6d4fc2491c418bcff6bae31c1c1c8dd8 av-styling- av-hover-grow avia_animated_image av-animated-when-visible-95 right-to-left avia-align-left  avia-builder-el-4  avia-builder-el-no-sibling '   itemprop=\"image\" itemscope=\"itemscope\" itemtype=\"https:\/\/schema.org\/ImageObject\" ><div class=\"avia-image-container-inner\"><div class=\"avia-image-overlay-wrap\"><a href=\"https:\/\/eviljasalv.ee\/wp-content\/uploads\/2017\/02\/paevalillesrott.jpg\" data-srcset=\"https:\/\/eviljasalv.ee\/wp-content\/uploads\/2017\/02\/paevalillesrott.jpg 733w, https:\/\/eviljasalv.ee\/wp-content\/uploads\/2017\/02\/paevalillesrott-300x225.jpg 300w, https:\/\/eviljasalv.ee\/wp-content\/uploads\/2017\/02\/paevalillesrott-705x529.jpg 705w, https:\/\/eviljasalv.ee\/wp-content\/uploads\/2017\/02\/paevalillesrott-450x338.jpg 450w\" data-sizes=\"(max-width: 733px) 100vw, 733px\" class='avia_image' ><img decoding=\"async\" class='wp-image-672 avia-img-lazy-loading-not-672 avia_image ' src=\"https:\/\/eviljasalv.ee\/wp-content\/uploads\/2017\/02\/paevalillesrott-300x225.jpg\" alt='' title='paevalillesrott'  height=\"225\" width=\"300\"  itemprop=\"thumbnailUrl\" srcset=\"https:\/\/eviljasalv.ee\/wp-content\/uploads\/2017\/02\/paevalillesrott-300x225.jpg 300w, https:\/\/eviljasalv.ee\/wp-content\/uploads\/2017\/02\/paevalillesrott-705x529.jpg 705w, https:\/\/eviljasalv.ee\/wp-content\/uploads\/2017\/02\/paevalillesrott-450x338.jpg 450w, https:\/\/eviljasalv.ee\/wp-content\/uploads\/2017\/02\/paevalillesrott.jpg 733w\" sizes=\"(max-width: 300px) 100vw, 300px\" \/><\/a><\/div><\/div><\/div><\/div><\/div><!--close column table wrapper. Autoclose: 1 --><\/p>\n\n<style type=\"text\/css\" data-created_by=\"avia_inline_auto\" id=\"style-css-av-av_one_full-5cf06b61fb0ae79c739100d63f487f0c\">\n.flex_column.av-av_one_full-5cf06b61fb0ae79c739100d63f487f0c{\n-webkit-border-radius:0px 0px 0px 0px;\n-moz-border-radius:0px 0px 0px 0px;\nborder-radius:0px 0px 0px 0px;\n}\n<\/style>\n<div class='flex_column av-av_one_full-5cf06b61fb0ae79c739100d63f487f0c av_one_full  avia-builder-el-5  el_after_av_one_half  avia-builder-el-last  first flex_column_div av-animated-generic bottom-to-top av-zero-column-padding column-top-margin'     ><section  class='av_textblock_section av-av_textblock-0366cc7376be6c9e82a3e9cc8987b64f'  itemscope=\"itemscope\" itemtype=\"https:\/\/schema.org\/CreativeWork\" ><div class='avia_textblock'  itemprop=\"text\" ><h2>EESTI VILJASALV OFFERS SUNFLOWER MEAL IN MULTIPLE LEVELS OF QUALITY FROM THE FOLLOWING COUNTRIES:<\/h2>\n<p><strong>1. Country of origin: Russia<\/strong>, ungranulated. Min. protein in dry matter 43-43.6%, max. moisture 10%, max. crude fibre 16%, max. crude fat 1.4%<\/p>\n<p><strong>2. Country of origin: Russia<\/strong>, granulated. Min. protein in dry matter 43-43.8%, max. moisture 10%, max. crude fibre 16.6%, max. crude fat 1.5%<\/p>\n<p><strong>3. Country of origin: Russia<\/strong>, granulated. Min. protein in dry matter 32%, max. moisture 10%, max. crude fibre 28%, max. crude fat 0.9%<\/p>\n<p>Upon request, we can also offer sunflower meal from Ukraine, the quality indicators of which are similar to the above.<\/p>\n<\/div><\/section><\/div>\n","protected":false},"excerpt":{"rendered":"","protected":false},"author":2,"featured_media":0,"parent":905,"menu_order":9,"comment_status":"closed","ping_status":"closed","template":"","meta":{"footnotes":""},"class_list":["post-945","page","type-page","status-publish","hentry"],"yoast_head":"<!-- This site is optimized with the Yoast SEO plugin v27.3 - https:\/\/yoast.com\/product\/yoast-seo-wordpress\/ -->\n<title>Sunflower meal - O\u00dc Eesti Viljasalv<\/title>\n<meta name=\"robots\" content=\"index, follow, max-snippet:-1, max-image-preview:large, max-video-preview:-1\" \/>\n<link rel=\"canonical\" href=\"https:\/\/eviljasalv.ee\/en\/products\/sunflower-meal\/\" \/>\n<meta property=\"og:locale\" content=\"en_US\" \/>\n<meta property=\"og:type\" content=\"article\" \/>\n<meta property=\"og:title\" content=\"Sunflower meal - O\u00dc Eesti Viljasalv\" \/>\n<meta property=\"og:url\" content=\"https:\/\/eviljasalv.ee\/en\/products\/sunflower-meal\/\" \/>\n<meta property=\"og:site_name\" content=\"O\u00dc Eesti Viljasalv\" \/>\n<meta property=\"article:modified_time\" content=\"2017-07-19T11:40:02+00:00\" \/>\n<meta name=\"twitter:card\" content=\"summary_large_image\" \/>\n<meta name=\"twitter:label1\" content=\"Est. reading time\" \/>\n\t<meta name=\"twitter:data1\" content=\"3 minutes\" \/>\n<script type=\"application\/ld+json\" class=\"yoast-schema-graph\">{\"@context\":\"https:\\\/\\\/schema.org\",\"@graph\":[{\"@type\":\"WebPage\",\"@id\":\"https:\\\/\\\/eviljasalv.ee\\\/en\\\/products\\\/sunflower-meal\\\/\",\"url\":\"https:\\\/\\\/eviljasalv.ee\\\/en\\\/products\\\/sunflower-meal\\\/\",\"name\":\"Sunflower meal - O\u00dc Eesti Viljasalv\",\"isPartOf\":{\"@id\":\"https:\\\/\\\/eviljasalv.ee\\\/#website\"},\"datePublished\":\"2017-07-19T11:38:44+00:00\",\"dateModified\":\"2017-07-19T11:40:02+00:00\",\"breadcrumb\":{\"@id\":\"https:\\\/\\\/eviljasalv.ee\\\/en\\\/products\\\/sunflower-meal\\\/#breadcrumb\"},\"inLanguage\":\"en-US\",\"potentialAction\":[{\"@type\":\"ReadAction\",\"target\":[\"https:\\\/\\\/eviljasalv.ee\\\/en\\\/products\\\/sunflower-meal\\\/\"]}]},{\"@type\":\"BreadcrumbList\",\"@id\":\"https:\\\/\\\/eviljasalv.ee\\\/en\\\/products\\\/sunflower-meal\\\/#breadcrumb\",\"itemListElement\":[{\"@type\":\"ListItem\",\"position\":1,\"name\":\"Home\",\"item\":\"https:\\\/\\\/eviljasalv.ee\\\/en\\\/home\\\/\"},{\"@type\":\"ListItem\",\"position\":2,\"name\":\"PRODUCTS\",\"item\":\"https:\\\/\\\/eviljasalv.ee\\\/en\\\/products\\\/\"},{\"@type\":\"ListItem\",\"position\":3,\"name\":\"Sunflower meal\"}]},{\"@type\":\"WebSite\",\"@id\":\"https:\\\/\\\/eviljasalv.ee\\\/#website\",\"url\":\"https:\\\/\\\/eviljasalv.ee\\\/\",\"name\":\"O\u00dc Eesti Viljasalv\",\"description\":\"Teravilja ja p\u00f5llumajandustoodete ost-m\u00fc\u00fck, transport ja ladustamine\",\"publisher\":{\"@id\":\"https:\\\/\\\/eviljasalv.ee\\\/#organization\"},\"potentialAction\":[{\"@type\":\"SearchAction\",\"target\":{\"@type\":\"EntryPoint\",\"urlTemplate\":\"https:\\\/\\\/eviljasalv.ee\\\/?s={search_term_string}\"},\"query-input\":{\"@type\":\"PropertyValueSpecification\",\"valueRequired\":true,\"valueName\":\"search_term_string\"}}],\"inLanguage\":\"en-US\"},{\"@type\":\"Organization\",\"@id\":\"https:\\\/\\\/eviljasalv.ee\\\/#organization\",\"name\":\"O\u00dc Eesti Viljasalv\",\"url\":\"https:\\\/\\\/eviljasalv.ee\\\/\",\"logo\":{\"@type\":\"ImageObject\",\"inLanguage\":\"en-US\",\"@id\":\"https:\\\/\\\/eviljasalv.ee\\\/#\\\/schema\\\/logo\\\/image\\\/\",\"url\":\"https:\\\/\\\/eviljasalv.ee\\\/wp-content\\\/uploads\\\/2017\\\/02\\\/Eesti_Viljasalv_LOGO-copy-1.png\",\"contentUrl\":\"https:\\\/\\\/eviljasalv.ee\\\/wp-content\\\/uploads\\\/2017\\\/02\\\/Eesti_Viljasalv_LOGO-copy-1.png\",\"width\":386,\"height\":156,\"caption\":\"O\u00dc Eesti Viljasalv\"},\"image\":{\"@id\":\"https:\\\/\\\/eviljasalv.ee\\\/#\\\/schema\\\/logo\\\/image\\\/\"}}]}<\/script>\n<!-- \/ Yoast SEO plugin. -->","yoast_head_json":{"title":"Sunflower meal - O\u00dc Eesti Viljasalv","robots":{"index":"index","follow":"follow","max-snippet":"max-snippet:-1","max-image-preview":"max-image-preview:large","max-video-preview":"max-video-preview:-1"},"canonical":"https:\/\/eviljasalv.ee\/en\/products\/sunflower-meal\/","og_locale":"en_US","og_type":"article","og_title":"Sunflower meal - O\u00dc Eesti Viljasalv","og_url":"https:\/\/eviljasalv.ee\/en\/products\/sunflower-meal\/","og_site_name":"O\u00dc Eesti Viljasalv","article_modified_time":"2017-07-19T11:40:02+00:00","twitter_card":"summary_large_image","twitter_misc":{"Est. reading time":"3 minutes"},"schema":{"@context":"https:\/\/schema.org","@graph":[{"@type":"WebPage","@id":"https:\/\/eviljasalv.ee\/en\/products\/sunflower-meal\/","url":"https:\/\/eviljasalv.ee\/en\/products\/sunflower-meal\/","name":"Sunflower meal - O\u00dc Eesti Viljasalv","isPartOf":{"@id":"https:\/\/eviljasalv.ee\/#website"},"datePublished":"2017-07-19T11:38:44+00:00","dateModified":"2017-07-19T11:40:02+00:00","breadcrumb":{"@id":"https:\/\/eviljasalv.ee\/en\/products\/sunflower-meal\/#breadcrumb"},"inLanguage":"en-US","potentialAction":[{"@type":"ReadAction","target":["https:\/\/eviljasalv.ee\/en\/products\/sunflower-meal\/"]}]},{"@type":"BreadcrumbList","@id":"https:\/\/eviljasalv.ee\/en\/products\/sunflower-meal\/#breadcrumb","itemListElement":[{"@type":"ListItem","position":1,"name":"Home","item":"https:\/\/eviljasalv.ee\/en\/home\/"},{"@type":"ListItem","position":2,"name":"PRODUCTS","item":"https:\/\/eviljasalv.ee\/en\/products\/"},{"@type":"ListItem","position":3,"name":"Sunflower meal"}]},{"@type":"WebSite","@id":"https:\/\/eviljasalv.ee\/#website","url":"https:\/\/eviljasalv.ee\/","name":"O\u00dc Eesti Viljasalv","description":"Teravilja ja p\u00f5llumajandustoodete ost-m\u00fc\u00fck, transport ja ladustamine","publisher":{"@id":"https:\/\/eviljasalv.ee\/#organization"},"potentialAction":[{"@type":"SearchAction","target":{"@type":"EntryPoint","urlTemplate":"https:\/\/eviljasalv.ee\/?s={search_term_string}"},"query-input":{"@type":"PropertyValueSpecification","valueRequired":true,"valueName":"search_term_string"}}],"inLanguage":"en-US"},{"@type":"Organization","@id":"https:\/\/eviljasalv.ee\/#organization","name":"O\u00dc Eesti Viljasalv","url":"https:\/\/eviljasalv.ee\/","logo":{"@type":"ImageObject","inLanguage":"en-US","@id":"https:\/\/eviljasalv.ee\/#\/schema\/logo\/image\/","url":"https:\/\/eviljasalv.ee\/wp-content\/uploads\/2017\/02\/Eesti_Viljasalv_LOGO-copy-1.png","contentUrl":"https:\/\/eviljasalv.ee\/wp-content\/uploads\/2017\/02\/Eesti_Viljasalv_LOGO-copy-1.png","width":386,"height":156,"caption":"O\u00dc Eesti Viljasalv"},"image":{"@id":"https:\/\/eviljasalv.ee\/#\/schema\/logo\/image\/"}}]}},"_links":{"self":[{"href":"https:\/\/eviljasalv.ee\/en\/wp-json\/wp\/v2\/pages\/945","targetHints":{"allow":["GET"]}}],"collection":[{"href":"https:\/\/eviljasalv.ee\/en\/wp-json\/wp\/v2\/pages"}],"about":[{"href":"https:\/\/eviljasalv.ee\/en\/wp-json\/wp\/v2\/types\/page"}],"author":[{"embeddable":true,"href":"https:\/\/eviljasalv.ee\/en\/wp-json\/wp\/v2\/users\/2"}],"replies":[{"embeddable":true,"href":"https:\/\/eviljasalv.ee\/en\/wp-json\/wp\/v2\/comments?post=945"}],"version-history":[{"count":1,"href":"https:\/\/eviljasalv.ee\/en\/wp-json\/wp\/v2\/pages\/945\/revisions"}],"predecessor-version":[{"id":946,"href":"https:\/\/eviljasalv.ee\/en\/wp-json\/wp\/v2\/pages\/945\/revisions\/946"}],"up":[{"embeddable":true,"href":"https:\/\/eviljasalv.ee\/en\/wp-json\/wp\/v2\/pages\/905"}],"wp:attachment":[{"href":"https:\/\/eviljasalv.ee\/en\/wp-json\/wp\/v2\/media?parent=945"}],"curies":[{"name":"wp","href":"https:\/\/api.w.org\/{rel}","templated":true}]}}