{"id":909,"date":"2017-07-19T14:01:40","date_gmt":"2017-07-19T11:01:40","guid":{"rendered":"http:\/\/eviljasalv.ee\/?page_id=909\/"},"modified":"2017-07-19T14:01:40","modified_gmt":"2017-07-19T11:01:40","slug":"rapeseed-cake","status":"publish","type":"page","link":"https:\/\/eviljasalv.ee\/en\/products\/rapeseed-cake\/","title":{"rendered":"Rapeseed cake"},"content":{"rendered":"\n<style type=\"text\/css\" data-created_by=\"avia_inline_auto\" id=\"style-css-av-av_heading-e2c669218ffd9ed2e204bd7ae85b527a\">\n#top .av-special-heading.av-av_heading-e2c669218ffd9ed2e204bd7ae85b527a{\npadding-bottom:15px;\nfont-size:30px;\n}\nbody .av-special-heading.av-av_heading-e2c669218ffd9ed2e204bd7ae85b527a .av-special-heading-tag .heading-char{\nfont-size:25px;\n}\n#top #wrap_all .av-special-heading.av-av_heading-e2c669218ffd9ed2e204bd7ae85b527a .av-special-heading-tag{\nfont-size:30px;\n}\n.av-special-heading.av-av_heading-e2c669218ffd9ed2e204bd7ae85b527a .av-subheading{\nfont-size:15px;\n}\n\n@media only screen and (min-width: 480px) and (max-width: 767px){ \n#top #wrap_all .av-special-heading.av-av_heading-e2c669218ffd9ed2e204bd7ae85b527a .av-special-heading-tag{\nfont-size:0.8em;\n}\n}\n\n@media only screen and (max-width: 479px){ \n#top #wrap_all .av-special-heading.av-av_heading-e2c669218ffd9ed2e204bd7ae85b527a .av-special-heading-tag{\nfont-size:0.8em;\n}\n}\n<\/style>\n<div  class='av-special-heading av-av_heading-e2c669218ffd9ed2e204bd7ae85b527a av-special-heading-h3 blockquote modern-quote  avia-builder-el-0  el_before_av_one_half  avia-builder-el-first  av-inherit-size'><h3 class='av-special-heading-tag'  itemprop=\"headline\"  >Rapeseed cake<\/h3><div class=\"special-heading-border\"><div class=\"special-heading-inner-border\"><\/div><\/div><\/div>\n<div class='flex_column_table av-av_one_half-877c4261a69bab824e74b3b7967646c2 sc-av_one_half av-equal-height-column-flextable'>\n<style type=\"text\/css\" data-created_by=\"avia_inline_auto\" id=\"style-css-av-av_one_half-877c4261a69bab824e74b3b7967646c2\">\n.flex_column.av-av_one_half-877c4261a69bab824e74b3b7967646c2{\n-webkit-border-radius:0px 0px 0px 0px;\n-moz-border-radius:0px 0px 0px 0px;\nborder-radius:0px 0px 0px 0px;\n}\n<\/style>\n<div class='flex_column av-av_one_half-877c4261a69bab824e74b3b7967646c2 av_one_half  avia-builder-el-1  el_after_av_heading  el_before_av_one_half  first flex_column_table_cell av-equal-height-column av-align-top av-animated-generic bottom-to-top av-zero-column-padding '     ><section  class='av_textblock_section av-av_textblock-0366cc7376be6c9e82a3e9cc8987b64f'  itemscope=\"itemscope\" itemtype=\"https:\/\/schema.org\/CreativeWork\" ><div class='avia_textblock'  itemprop=\"text\" ><p><strong>Rapeseed cake<\/strong>\u00a0is a high-energy high-protein animal feed made of hot-pressed rapeseed. The energy content of its dry matter varies from 13-15 MJ\/kg, depending largely on the cake&#8217;s residual fat content. Rapeseed cake is mainly used to feed cattle, but it is also suitable for poultry and pigs when combined with other high-protein feedstuffs.<\/p>\n<\/div><\/section><\/div><div class='av-flex-placeholder'><\/div>\n<style type=\"text\/css\" data-created_by=\"avia_inline_auto\" id=\"style-css-av-av_one_half-0aa7055fe62c3622faec82866afbaeb2\">\n.flex_column.av-av_one_half-0aa7055fe62c3622faec82866afbaeb2{\n-webkit-border-radius:0px 0px 0px 0px;\n-moz-border-radius:0px 0px 0px 0px;\nborder-radius:0px 0px 0px 0px;\n}\n<\/style>\n<div class='flex_column av-av_one_half-0aa7055fe62c3622faec82866afbaeb2 av_one_half  avia-builder-el-3  el_after_av_one_half  el_before_av_one_full  flex_column_table_cell av-equal-height-column av-align-top av-zero-column-padding '     ><style type=\"text\/css\" data-created_by=\"avia_inline_auto\" id=\"style-css-av-av_image-2e6b52bd28d169dbb5130c145f873b86\">\n.avia-image-container.av-av_image-2e6b52bd28d169dbb5130c145f873b86 img.avia_image{\nbox-shadow:none;\n}\n.avia-image-container.av-av_image-2e6b52bd28d169dbb5130c145f873b86 .av-image-caption-overlay-center{\ncolor:#ffffff;\n}\n<\/style>\n<div  class='avia-image-container av-av_image-2e6b52bd28d169dbb5130c145f873b86 av-styling- av-hover-grow avia_animated_image av-animated-when-visible-95 right-to-left avia-align-left  avia-builder-el-4  avia-builder-el-no-sibling '   itemprop=\"image\" itemscope=\"itemscope\" itemtype=\"https:\/\/schema.org\/ImageObject\" ><div class=\"avia-image-container-inner\"><div class=\"avia-image-overlay-wrap\"><a href=\"https:\/\/eviljasalv.ee\/wp-content\/uploads\/2017\/02\/rapsikook.jpg\" data-srcset=\"https:\/\/eviljasalv.ee\/wp-content\/uploads\/2017\/02\/rapsikook.jpg 733w, https:\/\/eviljasalv.ee\/wp-content\/uploads\/2017\/02\/rapsikook-300x225.jpg 300w, https:\/\/eviljasalv.ee\/wp-content\/uploads\/2017\/02\/rapsikook-705x529.jpg 705w, https:\/\/eviljasalv.ee\/wp-content\/uploads\/2017\/02\/rapsikook-450x338.jpg 450w\" data-sizes=\"(max-width: 733px) 100vw, 733px\" class='avia_image' ><img decoding=\"async\" class='wp-image-621 avia-img-lazy-loading-not-621 avia_image ' src=\"https:\/\/eviljasalv.ee\/wp-content\/uploads\/2017\/02\/rapsikook-300x225.jpg\" alt='' title='rapsikook'  height=\"225\" width=\"300\"  itemprop=\"thumbnailUrl\" srcset=\"https:\/\/eviljasalv.ee\/wp-content\/uploads\/2017\/02\/rapsikook-300x225.jpg 300w, https:\/\/eviljasalv.ee\/wp-content\/uploads\/2017\/02\/rapsikook-705x529.jpg 705w, https:\/\/eviljasalv.ee\/wp-content\/uploads\/2017\/02\/rapsikook-450x338.jpg 450w, https:\/\/eviljasalv.ee\/wp-content\/uploads\/2017\/02\/rapsikook.jpg 733w\" sizes=\"(max-width: 300px) 100vw, 300px\" \/><\/a><\/div><\/div><\/div><\/div><\/div><!--close column table wrapper. Autoclose: 1 --><\/p>\n\n<style type=\"text\/css\" data-created_by=\"avia_inline_auto\" id=\"style-css-av-av_one_full-5cf06b61fb0ae79c739100d63f487f0c\">\n.flex_column.av-av_one_full-5cf06b61fb0ae79c739100d63f487f0c{\n-webkit-border-radius:0px 0px 0px 0px;\n-moz-border-radius:0px 0px 0px 0px;\nborder-radius:0px 0px 0px 0px;\n}\n<\/style>\n<div class='flex_column av-av_one_full-5cf06b61fb0ae79c739100d63f487f0c av_one_full  avia-builder-el-5  el_after_av_one_half  avia-builder-el-last  first flex_column_div av-animated-generic bottom-to-top av-zero-column-padding column-top-margin'     ><section  class='av_textblock_section av-av_textblock-0366cc7376be6c9e82a3e9cc8987b64f'  itemscope=\"itemscope\" itemtype=\"https:\/\/schema.org\/CreativeWork\" ><div class='avia_textblock'  itemprop=\"text\" ><h2>EESTI VILJASALV OFFERS HOT-PRESSED RAPESEED CAKES IN MULTIPLE LEVELS OF QUALITY FROM THE FOLLOWING COUNTRIES:<\/h2>\n<ol>\n<li><strong> Country of origin: Russia<\/strong>, ungranulated. Min. protein in dry matter 32%, max. moisture 9%, max. crude fibre 16%, min. crude fat 8%. Factual test results show that the product has a stable composition: 36-38% protein, 13-14.5% crude fibre, 8.5-9.5% crude fat, 6.5% crude ash and 7-9% moisture. Differences between contractual and factual indicators arise from the terms of the contract, because in the case of sales, the production plant ensures the product&#8217;s quality pursuant to the producer&#8217;s state standard GOST-11048-95.<\/li>\n<li><strong> Country of origin: Germany<\/strong>, granulated. Min. protein in dry matter 34%, max. moisture 11%, max. crude fibre 15%, max. crude fat 10<\/li>\n<li><strong> Country of origin: Lithuania<\/strong>, ungranulated. Min. protein in dry matter 34%, max. moisture 11%, max. crude fibre 14%, max. crude fat 10%<\/li>\n<li><strong> Country of origin: Kazakhstan<\/strong>, granulated. Min. protein in dry matter 34%, max. moisture 11%, max. crude fibre 14%, max. crude fat 12%.<\/li>\n<\/ol>\n<p>Upon request, we can also offer hot-pressed rapeseed cakes from Ukraine, Poland and Slovakia, the quality indicators of which are similar to the above. Quality varies due to plant equipment, its quality and also the kernel&#8217;s chemical composition, which in turn depends on the geographic location.<\/p>\n<\/div><\/section><\/div>\n","protected":false},"excerpt":{"rendered":"","protected":false},"author":2,"featured_media":0,"parent":905,"menu_order":1,"comment_status":"closed","ping_status":"closed","template":"","meta":{"footnotes":""},"class_list":["post-909","page","type-page","status-publish","hentry"],"yoast_head":"<!-- This site is optimized with the Yoast SEO plugin v27.3 - https:\/\/yoast.com\/product\/yoast-seo-wordpress\/ -->\n<title>Rapeseed cake - O\u00dc Eesti Viljasalv<\/title>\n<meta name=\"robots\" content=\"index, follow, max-snippet:-1, max-image-preview:large, max-video-preview:-1\" \/>\n<link rel=\"canonical\" href=\"https:\/\/eviljasalv.ee\/en\/products\/rapeseed-cake\/\" \/>\n<meta property=\"og:locale\" content=\"en_US\" \/>\n<meta property=\"og:type\" content=\"article\" \/>\n<meta property=\"og:title\" content=\"Rapeseed cake - O\u00dc Eesti Viljasalv\" \/>\n<meta property=\"og:url\" content=\"https:\/\/eviljasalv.ee\/en\/products\/rapeseed-cake\/\" \/>\n<meta property=\"og:site_name\" content=\"O\u00dc Eesti Viljasalv\" \/>\n<meta name=\"twitter:card\" content=\"summary_large_image\" \/>\n<meta name=\"twitter:label1\" content=\"Est. reading time\" \/>\n\t<meta name=\"twitter:data1\" content=\"3 minutes\" \/>\n<script type=\"application\/ld+json\" class=\"yoast-schema-graph\">{\"@context\":\"https:\\\/\\\/schema.org\",\"@graph\":[{\"@type\":\"WebPage\",\"@id\":\"https:\\\/\\\/eviljasalv.ee\\\/en\\\/products\\\/rapeseed-cake\\\/\",\"url\":\"https:\\\/\\\/eviljasalv.ee\\\/en\\\/products\\\/rapeseed-cake\\\/\",\"name\":\"Rapeseed cake - O\u00dc Eesti Viljasalv\",\"isPartOf\":{\"@id\":\"https:\\\/\\\/eviljasalv.ee\\\/#website\"},\"datePublished\":\"2017-07-19T11:01:40+00:00\",\"breadcrumb\":{\"@id\":\"https:\\\/\\\/eviljasalv.ee\\\/en\\\/products\\\/rapeseed-cake\\\/#breadcrumb\"},\"inLanguage\":\"en-US\",\"potentialAction\":[{\"@type\":\"ReadAction\",\"target\":[\"https:\\\/\\\/eviljasalv.ee\\\/en\\\/products\\\/rapeseed-cake\\\/\"]}]},{\"@type\":\"BreadcrumbList\",\"@id\":\"https:\\\/\\\/eviljasalv.ee\\\/en\\\/products\\\/rapeseed-cake\\\/#breadcrumb\",\"itemListElement\":[{\"@type\":\"ListItem\",\"position\":1,\"name\":\"Home\",\"item\":\"https:\\\/\\\/eviljasalv.ee\\\/en\\\/home\\\/\"},{\"@type\":\"ListItem\",\"position\":2,\"name\":\"PRODUCTS\",\"item\":\"https:\\\/\\\/eviljasalv.ee\\\/en\\\/products\\\/\"},{\"@type\":\"ListItem\",\"position\":3,\"name\":\"Rapeseed cake\"}]},{\"@type\":\"WebSite\",\"@id\":\"https:\\\/\\\/eviljasalv.ee\\\/#website\",\"url\":\"https:\\\/\\\/eviljasalv.ee\\\/\",\"name\":\"O\u00dc Eesti Viljasalv\",\"description\":\"Teravilja ja p\u00f5llumajandustoodete ost-m\u00fc\u00fck, transport ja ladustamine\",\"publisher\":{\"@id\":\"https:\\\/\\\/eviljasalv.ee\\\/#organization\"},\"potentialAction\":[{\"@type\":\"SearchAction\",\"target\":{\"@type\":\"EntryPoint\",\"urlTemplate\":\"https:\\\/\\\/eviljasalv.ee\\\/?s={search_term_string}\"},\"query-input\":{\"@type\":\"PropertyValueSpecification\",\"valueRequired\":true,\"valueName\":\"search_term_string\"}}],\"inLanguage\":\"en-US\"},{\"@type\":\"Organization\",\"@id\":\"https:\\\/\\\/eviljasalv.ee\\\/#organization\",\"name\":\"O\u00dc Eesti Viljasalv\",\"url\":\"https:\\\/\\\/eviljasalv.ee\\\/\",\"logo\":{\"@type\":\"ImageObject\",\"inLanguage\":\"en-US\",\"@id\":\"https:\\\/\\\/eviljasalv.ee\\\/#\\\/schema\\\/logo\\\/image\\\/\",\"url\":\"https:\\\/\\\/eviljasalv.ee\\\/wp-content\\\/uploads\\\/2017\\\/02\\\/Eesti_Viljasalv_LOGO-copy-1.png\",\"contentUrl\":\"https:\\\/\\\/eviljasalv.ee\\\/wp-content\\\/uploads\\\/2017\\\/02\\\/Eesti_Viljasalv_LOGO-copy-1.png\",\"width\":386,\"height\":156,\"caption\":\"O\u00dc Eesti Viljasalv\"},\"image\":{\"@id\":\"https:\\\/\\\/eviljasalv.ee\\\/#\\\/schema\\\/logo\\\/image\\\/\"}}]}<\/script>\n<!-- \/ Yoast SEO plugin. -->","yoast_head_json":{"title":"Rapeseed cake - O\u00dc Eesti Viljasalv","robots":{"index":"index","follow":"follow","max-snippet":"max-snippet:-1","max-image-preview":"max-image-preview:large","max-video-preview":"max-video-preview:-1"},"canonical":"https:\/\/eviljasalv.ee\/en\/products\/rapeseed-cake\/","og_locale":"en_US","og_type":"article","og_title":"Rapeseed cake - O\u00dc Eesti Viljasalv","og_url":"https:\/\/eviljasalv.ee\/en\/products\/rapeseed-cake\/","og_site_name":"O\u00dc Eesti Viljasalv","twitter_card":"summary_large_image","twitter_misc":{"Est. reading time":"3 minutes"},"schema":{"@context":"https:\/\/schema.org","@graph":[{"@type":"WebPage","@id":"https:\/\/eviljasalv.ee\/en\/products\/rapeseed-cake\/","url":"https:\/\/eviljasalv.ee\/en\/products\/rapeseed-cake\/","name":"Rapeseed cake - O\u00dc Eesti Viljasalv","isPartOf":{"@id":"https:\/\/eviljasalv.ee\/#website"},"datePublished":"2017-07-19T11:01:40+00:00","breadcrumb":{"@id":"https:\/\/eviljasalv.ee\/en\/products\/rapeseed-cake\/#breadcrumb"},"inLanguage":"en-US","potentialAction":[{"@type":"ReadAction","target":["https:\/\/eviljasalv.ee\/en\/products\/rapeseed-cake\/"]}]},{"@type":"BreadcrumbList","@id":"https:\/\/eviljasalv.ee\/en\/products\/rapeseed-cake\/#breadcrumb","itemListElement":[{"@type":"ListItem","position":1,"name":"Home","item":"https:\/\/eviljasalv.ee\/en\/home\/"},{"@type":"ListItem","position":2,"name":"PRODUCTS","item":"https:\/\/eviljasalv.ee\/en\/products\/"},{"@type":"ListItem","position":3,"name":"Rapeseed cake"}]},{"@type":"WebSite","@id":"https:\/\/eviljasalv.ee\/#website","url":"https:\/\/eviljasalv.ee\/","name":"O\u00dc Eesti Viljasalv","description":"Teravilja ja p\u00f5llumajandustoodete ost-m\u00fc\u00fck, transport ja ladustamine","publisher":{"@id":"https:\/\/eviljasalv.ee\/#organization"},"potentialAction":[{"@type":"SearchAction","target":{"@type":"EntryPoint","urlTemplate":"https:\/\/eviljasalv.ee\/?s={search_term_string}"},"query-input":{"@type":"PropertyValueSpecification","valueRequired":true,"valueName":"search_term_string"}}],"inLanguage":"en-US"},{"@type":"Organization","@id":"https:\/\/eviljasalv.ee\/#organization","name":"O\u00dc Eesti Viljasalv","url":"https:\/\/eviljasalv.ee\/","logo":{"@type":"ImageObject","inLanguage":"en-US","@id":"https:\/\/eviljasalv.ee\/#\/schema\/logo\/image\/","url":"https:\/\/eviljasalv.ee\/wp-content\/uploads\/2017\/02\/Eesti_Viljasalv_LOGO-copy-1.png","contentUrl":"https:\/\/eviljasalv.ee\/wp-content\/uploads\/2017\/02\/Eesti_Viljasalv_LOGO-copy-1.png","width":386,"height":156,"caption":"O\u00dc Eesti Viljasalv"},"image":{"@id":"https:\/\/eviljasalv.ee\/#\/schema\/logo\/image\/"}}]}},"_links":{"self":[{"href":"https:\/\/eviljasalv.ee\/en\/wp-json\/wp\/v2\/pages\/909","targetHints":{"allow":["GET"]}}],"collection":[{"href":"https:\/\/eviljasalv.ee\/en\/wp-json\/wp\/v2\/pages"}],"about":[{"href":"https:\/\/eviljasalv.ee\/en\/wp-json\/wp\/v2\/types\/page"}],"author":[{"embeddable":true,"href":"https:\/\/eviljasalv.ee\/en\/wp-json\/wp\/v2\/users\/2"}],"replies":[{"embeddable":true,"href":"https:\/\/eviljasalv.ee\/en\/wp-json\/wp\/v2\/comments?post=909"}],"version-history":[{"count":2,"href":"https:\/\/eviljasalv.ee\/en\/wp-json\/wp\/v2\/pages\/909\/revisions"}],"predecessor-version":[{"id":1157,"href":"https:\/\/eviljasalv.ee\/en\/wp-json\/wp\/v2\/pages\/909\/revisions\/1157"}],"up":[{"embeddable":true,"href":"https:\/\/eviljasalv.ee\/en\/wp-json\/wp\/v2\/pages\/905"}],"wp:attachment":[{"href":"https:\/\/eviljasalv.ee\/en\/wp-json\/wp\/v2\/media?parent=909"}],"curies":[{"name":"wp","href":"https:\/\/api.w.org\/{rel}","templated":true}]}}